{"id":3842,"date":"2018-04-05T12:44:46","date_gmt":"2018-04-05T15:44:46","guid":{"rendered":"https:\/\/espacolaforet.com.br\/?page_id=3842"},"modified":"2024-09-18T11:56:10","modified_gmt":"2024-09-18T14:56:10","slug":"contato","status":"publish","type":"page","link":"https:\/\/espacolaforet.com.br\/site\/contato\/","title":{"rendered":"Contato"},"content":{"rendered":"<p>[vc_row background_color=&#8221;#e8e8e8&#8243; content_width=&#8221;&#8221;][vc_column width=&#8221;1\/2&#8243;][vc_custom_heading text=&#8221;Pe\u00e7a seu or\u00e7amento aqui!&#8221; font_container=&#8221;tag:p|font_size:24px|text_align:left|line_height:36px&#8221; google_fonts=&#8221;font_family:Lato%3A100%2C100italic%2C300%2C300italic%2Cregular%2Citalic%2C700%2C700italic%2C900%2C900italic|font_style:400%20regular%3A400%3Anormal&#8221; css=&#8221;.vc_custom_1522172066564{padding-right: 15% !important;}&#8221;]\n                <div class='gf_browser_gecko gform_wrapper' id='gform_wrapper_1' style='display:none'><form method='post' enctype='multipart\/form-data'  id='gform_1'  action='\/site\/wp-json\/wp\/v2\/pages\/3842'>\n                        <div class='gform_body'><ul id='gform_fields_1' class='gform_fields top_label form_sublabel_below description_below'><li id='field_1_1'  class='gfield gfield_contains_required field_sublabel_below field_description_below gfield_visibility_visible' ><label class='gfield_label' for='input_1_1' >O seu nome<span class='gfield_required'>*<\/span><\/label><div class='ginput_container ginput_container_text'><input name='input_1' id='input_1_1' type='text' value='' class='large'     aria-required=\"true\" aria-invalid=\"false\" \/><\/div><\/li><li id='field_1_2'  class='gfield gfield_contains_required field_sublabel_below field_description_below gfield_visibility_visible' ><label class='gfield_label' for='input_1_2' >O seu e-mail<span class='gfield_required'>*<\/span><\/label><div class='ginput_container ginput_container_email'>\n                            <input name='input_2' id='input_1_2' type='text' value='' class='large'     aria-required=\"true\" aria-invalid=\"false\"\/>\n                        <\/div><\/li><li id='field_1_3'  class='gfield gfield_contains_required field_sublabel_below field_description_below gfield_visibility_visible' ><label class='gfield_label' for='input_1_3' >O seu telefone<span class='gfield_required'>*<\/span><\/label><div class='ginput_container ginput_container_text'><input name='input_3' id='input_1_3' type='text' value='' class='large'     aria-required=\"true\" aria-invalid=\"false\" \/><\/div><\/li><li id='field_1_4'  class='gfield gfield_contains_required field_sublabel_below field_description_below gfield_visibility_visible' ><label class='gfield_label' for='input_1_4' >O seu tipo de evento<span class='gfield_required'>*<\/span><\/label><div class='ginput_container ginput_container_select'><select name='input_4' id='input_1_4' onchange='gf_apply_rules(1,[5,7]);' class='large gfield_select'   aria-required=\"true\" aria-invalid=\"false\"><option value='Casamento' >Casamento<\/option><option value='Casamento a dois - Elopement Wedding' >Casamento a dois - Elopement Wedding<\/option><option value='Casamentos civil com at\u00e9 10 convidados' >Casamentos civil com at\u00e9 10 convidados<\/option><option value='Confraterniza\u00e7\u00f5es e\/ou festa de fim de ano' >Confraterniza\u00e7\u00f5es e\/ou festa de fim de ano<\/option><option value='Bodas e renova\u00e7\u00e3o de votos' >Bodas e renova\u00e7\u00e3o de votos<\/option><option value='Outros' >Outros<\/option><\/select><\/div><\/li><li id='field_1_5'  class='gfield gf_left_half gfield_contains_required field_sublabel_below field_description_below gfield_visibility_visible' ><label class='gfield_label' for='input_1_5' >Ano do seu evento<span class='gfield_required'>*<\/span><\/label><div class='ginput_container ginput_container_select'><select name='input_5' id='input_1_5'  class='large gfield_select'   aria-required=\"true\" aria-invalid=\"false\"><option value='2024' selected='selected'>2024<\/option><option value='2025' >2025<\/option><option value='2026' >2026<\/option><option value='2027' >2027<\/option><option value='2028' >2028<\/option><\/select><\/div><\/li><li id='field_1_7'  class='gfield gf_right_half gfield_contains_required field_sublabel_below field_description_below gfield_visibility_visible' ><label class='gfield_label' for='input_1_7' >Semestre do seu evento<span class='gfield_required'>*<\/span><\/label><div class='ginput_container ginput_container_select'><select name='input_7' id='input_1_7'  class='large gfield_select'   aria-required=\"true\" aria-invalid=\"false\"><option value='1\u00ba Semestre' >1\u00ba Semestre<\/option><option value='2\u00ba Semestre' >2\u00ba Semestre<\/option><\/select><\/div><\/li><li id='field_1_6'  class='gfield field_sublabel_below field_description_below gfield_visibility_visible' ><label class='gfield_label' for='input_1_6' >Quantidade de convidados<\/label><div class='ginput_container ginput_container_select'><select name='input_6' id='input_1_6'  class='large gfield_select'    aria-invalid=\"false\"><option value='At\u00e9 10' >At\u00e9 10<\/option><option value='At\u00e9 40' >At\u00e9 40<\/option><option value='50' >50<\/option><option value='75' >75<\/option><option value='100' >100<\/option><option value='125' >125<\/option><option value='150' >150<\/option><option value='175' >175<\/option><option value='200' >200<\/option><option value='225' >225<\/option><option value='250' >250<\/option><\/select><\/div><div class='gfield_description'>Preencha com a quantidade aproximada de convidados.<\/div><\/li><li id='field_1_8'  class='gfield .gform_wrapper textarea.large {background:white ;} field_sublabel_below field_description_below gfield_visibility_visible' ><label class='gfield_label' for='input_1_8' >Sua mensagem<\/label><div class='ginput_container ginput_container_textarea'><textarea name='input_8' id='input_1_8' class='textarea small'     aria-invalid=\"false\"   rows='10' cols='50'><\/textarea><\/div><\/li><li id='field_1_9'  class='gfield field_sublabel_below field_description_below gfield_visibility_visible' ><label class='gfield_label' for='input_1_9' >CAPTCHA<\/label><div id='input_1_9' class='ginput_container ginput_recaptcha' data-sitekey='6Lf0y-wjAAAAAEmSLhi8uKRH-ZMYTtE8XuIboX9K'  data-theme='light' data-tabindex='0'><\/div><\/li><li id='field_1_10'  class='gfield gform_validation_container field_sublabel_below field_description_below gfield_visibility_visible' ><label class='gfield_label' for='input_1_10' >Comments<\/label><div class='ginput_container'><input name='input_10' id='input_1_10' type='text' value='' \/><\/div><div class='gfield_description'>Este campo \u00e9 para fins de valida\u00e7\u00e3o e n\u00e3o deve ser alterado.<\/div><\/li>\n                            <\/ul><\/div>\n        <div class='gform_footer top_label'> <input type='submit' id='gform_submit_button_1' class='gform_button button' value='Enviar' tabindex='1' onclick='if(window[\"gf_submitting_1\"]){return false;}  window[\"gf_submitting_1\"]=true;  ' onkeypress='if( event.keyCode == 13 ){ if(window[\"gf_submitting_1\"]){return false;} window[\"gf_submitting_1\"]=true;  jQuery(\"#gform_1\").trigger(\"submit\",[true]); }' \/> \n            <input type='hidden' class='gform_hidden' name='is_submit_1' value='1' \/>\n            <input type='hidden' class='gform_hidden' name='gform_submit' value='1' \/>\n            \n            <input type='hidden' class='gform_hidden' name='gform_unique_id' value='' \/>\n            <input type='hidden' class='gform_hidden' name='state_1' value='WyJbXSIsIjY5ZWY5Nzg0MzQ4MmRlY2ZkNjdhMzQ2YzI0ODA1ZTI3Il0=' \/>\n            <input type='hidden' class='gform_hidden' name='gform_target_page_number_1' id='gform_target_page_number_1' value='0' \/>\n            <input type='hidden' class='gform_hidden' name='gform_source_page_number_1' id='gform_source_page_number_1' value='1' \/>\n            <input type='hidden' name='gform_field_values' value='' \/>\n            \n        <\/div>\n                        <p style=\"display: none !important;\" class=\"akismet-fields-container\" data-prefix=\"ak_\"><label>&#916;<textarea name=\"ak_hp_textarea\" cols=\"45\" rows=\"8\" maxlength=\"100\"><\/textarea><\/label><input type=\"hidden\" id=\"ak_js_1\" name=\"ak_js\" value=\"175\"\/><script>document.getElementById( \"ak_js_1\" ).setAttribute( \"value\", ( new Date() ).getTime() );<\/script><\/p><\/form>\n                        <\/div><script type='text\/javascript'> if(typeof gf_global == 'undefined') var gf_global = {\"gf_currency_config\":{\"name\":\"Real brasileiro\",\"symbol_left\":\"R$\",\"symbol_right\":\"\",\"symbol_padding\":\" \",\"thousand_separator\":\".\",\"decimal_separator\":\",\",\"decimals\":2},\"base_url\":\"https:\\\/\\\/espacolaforet.com.br\\\/site\\\/wp-content\\\/plugins\\\/gravityforms\",\"number_formats\":[],\"spinnerUrl\":\"https:\\\/\\\/espacolaforet.com.br\\\/site\\\/wp-content\\\/plugins\\\/gravityforms\\\/images\\\/spinner.gif\"};jQuery(document).bind('gform_post_render', function(event, formId, currentPage){if(formId == 1) {gf_global[\"number_formats\"][1] = {\"1\":{\"price\":false,\"value\":false},\"2\":{\"price\":false,\"value\":false},\"3\":{\"price\":false,\"value\":false},\"4\":{\"price\":false,\"value\":false},\"5\":{\"price\":false,\"value\":false},\"7\":{\"price\":false,\"value\":false},\"6\":{\"price\":false,\"value\":false},\"8\":{\"price\":false,\"value\":false},\"9\":{\"price\":false,\"value\":false},\"10\":{\"price\":false,\"value\":false}};if(window['jQuery']){if(!window['gf_form_conditional_logic'])window['gf_form_conditional_logic'] = new Array();window['gf_form_conditional_logic'][1] = { logic: { 5: {\"field\":{\"actionType\":\"hide\",\"logicType\":\"all\",\"rules\":[{\"fieldId\":\"4\",\"operator\":\"is\",\"value\":\"Confraterniza\\u00e7\\u00f5es e\\\/ou festa de fim de ano\"}]},\"nextButton\":null,\"section\":null},7: {\"field\":{\"actionType\":\"hide\",\"logicType\":\"all\",\"rules\":[{\"fieldId\":\"4\",\"operator\":\"is\",\"value\":\"Confraterniza\\u00e7\\u00f5es e\\\/ou festa de fim de ano\"}]},\"nextButton\":null,\"section\":null} }, dependents: { 5: [5],7: [7] }, animation: 1, defaults: {\"5\":\"2024\"}, fields: {\"1\":[],\"2\":[],\"3\":[],\"4\":[5,7],\"5\":[],\"7\":[],\"6\":[],\"8\":[],\"9\":[],\"10\":[]} }; if(!window['gf_number_format'])window['gf_number_format'] = 'decimal_comma';jQuery(document).ready(function(){gf_apply_rules(1, [5,7], true);jQuery('#gform_wrapper_1').show();jQuery(document).trigger('gform_post_conditional_logic', [1, null, true]);} );} jQuery('#input_1_3').mask('(99) 9999-9999?9').bind('keypress', function(e){if(e.which == 13){jQuery(this).blur();} } );} } );jQuery(document).bind('gform_post_conditional_logic', function(event, formId, fields, isInit){} );<\/script><script type='text\/javascript'> jQuery(document).ready(function(){jQuery(document).trigger('gform_post_render', [1, 1]) } ); <\/script>[\/vc_column][vc_column width=&#8221;1\/2&#8243;][wyde_icon_block icon_set=&#8221;fontawesome&#8221; icon_fontawesome=&#8221;fa fa-weixin&#8221; size=&#8221;large&#8221; style=&#8221;none&#8221; animation=&#8221;fadeInDown&#8221; css=&#8221;.vc_custom_1522689831519{background-color: #dd9933 !important;}&#8221; color=&#8221;#dd9933&#8243;][vc_empty_space height=&#8221;50px&#8221;][vc_custom_heading text=&#8221;Endere\u00e7o: Rua Yucca, 18, S\u00e3o Roque &#8211; SP<br \/>\nContato: 11-93058-0821<br \/>\nE-mail: atendimento@espacolaforet.com.br&#8221; font_container=&#8221;tag:p|font_size:18px|text_align:left|line_height:36px&#8221; google_fonts=&#8221;font_family:Lato%3A100%2C100italic%2C300%2C300italic%2Cregular%2Citalic%2C700%2C700italic%2C900%2C900italic|font_style:400%20regular%3A400%3Anormal&#8221; css=&#8221;.vc_custom_1654544697460{padding-right: 15% !important;}&#8221;][\/vc_column][\/vc_row][vc_row][vc_column][vc_column_text]<\/p>\n<p>[\/vc_column_text][\/vc_column][\/vc_row]<\/p>\n","protected":false},"excerpt":{"rendered":"<p>[vc_row background_color=&#8221;#e8e8e8&#8243; content_width=&#8221;&#8221;][vc_column width=&#8221;1\/2&#8243;][vc_custom_heading text=&#8221;Pe\u00e7a seu or\u00e7amento aqui!&#8221; font_container=&#8221;tag:p|font_size:24px|text_align:left|line_height:36px&#8221; google_fonts=&#8221;font_family:Lato%3A100%2C100italic%2C300%2C300italic%2Cregular%2Citalic%2C700%2C700italic%2C900%2C900italic|font_style:400%20regular%3A400%3Anormal&#8221; css=&#8221;.vc_custom_1522172066564{padding-right: 15% !important;}&#8221;][\/vc_column][vc_column width=&#8221;1\/2&#8243;][wyde_icon_block icon_set=&#8221;fontawesome&#8221; icon_fontawesome=&#8221;fa fa-weixin&#8221; size=&#8221;large&#8221; style=&#8221;none&#8221; animation=&#8221;fadeInDown&#8221; css=&#8221;.vc_custom_1522689831519{background-color: #dd9933 !important;}&#8221; color=&#8221;#dd9933&#8243;][vc_empty_space height=&#8221;50px&#8221;][vc_custom_heading text=&#8221;Endere\u00e7o: Rua Yucca, 18, S\u00e3o Roque &#8211; SP Contato: 11-93058-0821 E-mail: atendimento@espacolaforet.com.br&#8221; font_container=&#8221;tag:p|font_size:18px|text_align:left|line_height:36px&#8221; google_fonts=&#8221;font_family:Lato%3A100%2C100italic%2C300%2C300italic%2Cregular%2Citalic%2C700%2C700italic%2C900%2C900italic|font_style:400%20regular%3A400%3Anormal&#8221; css=&#8221;.vc_custom_1654544697460{padding-right: 15% !important;}&#8221;][\/vc_column][\/vc_row][vc_row][vc_column][vc_column_text] [\/vc_column_text][\/vc_column][\/vc_row]<\/p>\n","protected":false},"author":4,"featured_media":0,"parent":0,"menu_order":0,"comment_status":"closed","ping_status":"closed","template":"","meta":{"footnotes":""},"class_list":["post-3842","page","type-page","status-publish","hentry"],"_links":{"self":[{"href":"https:\/\/espacolaforet.com.br\/site\/wp-json\/wp\/v2\/pages\/3842"}],"collection":[{"href":"https:\/\/espacolaforet.com.br\/site\/wp-json\/wp\/v2\/pages"}],"about":[{"href":"https:\/\/espacolaforet.com.br\/site\/wp-json\/wp\/v2\/types\/page"}],"author":[{"embeddable":true,"href":"https:\/\/espacolaforet.com.br\/site\/wp-json\/wp\/v2\/users\/4"}],"replies":[{"embeddable":true,"href":"https:\/\/espacolaforet.com.br\/site\/wp-json\/wp\/v2\/comments?post=3842"}],"version-history":[{"count":10,"href":"https:\/\/espacolaforet.com.br\/site\/wp-json\/wp\/v2\/pages\/3842\/revisions"}],"predecessor-version":[{"id":5356,"href":"https:\/\/espacolaforet.com.br\/site\/wp-json\/wp\/v2\/pages\/3842\/revisions\/5356"}],"wp:attachment":[{"href":"https:\/\/espacolaforet.com.br\/site\/wp-json\/wp\/v2\/media?parent=3842"}],"curies":[{"name":"wp","href":"https:\/\/api.w.org\/{rel}","templated":true}]}}