{"id":3789,"date":"2018-04-04T17:31:38","date_gmt":"2018-04-04T20:31:38","guid":{"rendered":"https:\/\/espacolaforet.com.br\/?page_id=3789"},"modified":"2022-06-16T18:09:02","modified_gmt":"2022-06-16T21:09:02","slug":"infraestrutura-para-confraternizacoes","status":"publish","type":"page","link":"https:\/\/espacolaforet.com.br\/site\/infraestrutura-para-confraternizacoes\/","title":{"rendered":"Infraestrutura para Confraterniza\u00e7\u00f5es"},"content":{"rendered":"<p>[vc_row padding_size=&#8221;no-padding&#8221; background_color=&#8221;#ffd300&#8243; css=&#8221;.vc_custom_1436023115534{padding-top: 0px !important;}&#8221;][vc_column text_align=&#8221;center&#8221;][wyde_action_box title=&#8221;PE\u00c7A UM OR\u00c7AMENTO E AGENDE UMA VISITA&#8221; button_text=&#8221;CLIQUE AQUI&#8221; style=&#8221;round&#8221; size=&#8221;large&#8221; color=&#8221;#000000&#8243; hover_color=&#8221;#ffffff&#8221; link=&#8221;url:https%3A%2F%2Fespacolaforet.com.br%2Fcontato%2F||target:%20_blank|&#8221;][\/wyde_action_box][\/vc_column][\/vc_row][vc_row background_color=&#8221;#ffffff&#8221;][vc_column][vc_row_inner][vc_column_inner width=&#8221;1\/3&#8243;][vc_column_text]<img fetchpriority=\"high\" decoding=\"async\" class=\"alignnone wp-image-3811 size-full\" src=\"https:\/\/espacolaforet.com.br\/wp-content\/uploads\/2018\/04\/1.-Vista-Geral-1.jpg\" alt=\"\" width=\"960\" height=\"720\" srcset=\"https:\/\/espacolaforet.com.br\/site\/wp-content\/uploads\/2018\/04\/1.-Vista-Geral-1.jpg 960w, https:\/\/espacolaforet.com.br\/site\/wp-content\/uploads\/2018\/04\/1.-Vista-Geral-1-768x576.jpg 768w\" sizes=\"(max-width: 960px) 100vw, 960px\" \/>[\/vc_column_text][\/vc_column_inner][vc_column_inner width=&#8221;2\/3&#8243;][vc_custom_heading text=&#8221;Vista Geral&#8221; google_fonts=&#8221;font_family:ABeeZee%3Aregular%2Citalic|font_style:400%20regular%3A400%3Anormal&#8221;][vc_column_text]A vista do Espa\u00e7o \u00e9 linda, digna de um cart\u00e3o postal. A arquitetura, paisagismo e mata se misturam criando um ambiente \u00fanico para que os seus convidados possam aproveitar um dia maravilhoso de confraterniza\u00e7\u00e3o.[\/vc_column_text][\/vc_column_inner][\/vc_row_inner][wyde_separator color=&#8221;#bababa&#8221;][vc_row_inner][vc_column_inner width=&#8221;1\/3&#8243;][vc_column_text]<img decoding=\"async\" class=\"alignnone wp-image-3810 size-full\" src=\"https:\/\/espacolaforet.com.br\/wp-content\/uploads\/2018\/04\/2.-Piscina-com-Vestiarios.jpeg\" alt=\"\" width=\"1600\" height=\"900\" srcset=\"https:\/\/espacolaforet.com.br\/site\/wp-content\/uploads\/2018\/04\/2.-Piscina-com-Vestiarios.jpeg 1600w, https:\/\/espacolaforet.com.br\/site\/wp-content\/uploads\/2018\/04\/2.-Piscina-com-Vestiarios-768x432.jpeg 768w, https:\/\/espacolaforet.com.br\/site\/wp-content\/uploads\/2018\/04\/2.-Piscina-com-Vestiarios-640x360.jpeg 640w, https:\/\/espacolaforet.com.br\/site\/wp-content\/uploads\/2018\/04\/2.-Piscina-com-Vestiarios-960x540.jpeg 960w, https:\/\/espacolaforet.com.br\/site\/wp-content\/uploads\/2018\/04\/2.-Piscina-com-Vestiarios-1280x720.jpeg 1280w\" sizes=\"(max-width: 1600px) 100vw, 1600px\" \/>[\/vc_column_text][\/vc_column_inner][vc_column_inner width=&#8221;2\/3&#8243;][vc_custom_heading text=&#8221;Piscina com Vesti\u00e1rios&#8221; google_fonts=&#8221;font_family:ABeeZee%3Aregular%2Citalic|font_style:400%20regular%3A400%3Anormal&#8221;][vc_column_text]Linda piscina cercada por decks de madeira integrada com amplos vesti\u00e1rios, aqui sua festa de final de ano ser\u00e1 lembrada sempre.[\/vc_column_text][\/vc_column_inner][\/vc_row_inner][wyde_separator color=&#8221;#bababa&#8221;][vc_row_inner][vc_column_inner width=&#8221;1\/3&#8243;][vc_column_text]<img decoding=\"async\" class=\"alignnone wp-image-3808 size-full\" src=\"https:\/\/espacolaforet.com.br\/wp-content\/uploads\/2018\/04\/3.-Quadra.jpeg\" alt=\"\" width=\"1600\" height=\"900\" srcset=\"https:\/\/espacolaforet.com.br\/site\/wp-content\/uploads\/2018\/04\/3.-Quadra.jpeg 1600w, https:\/\/espacolaforet.com.br\/site\/wp-content\/uploads\/2018\/04\/3.-Quadra-768x432.jpeg 768w, https:\/\/espacolaforet.com.br\/site\/wp-content\/uploads\/2018\/04\/3.-Quadra-640x360.jpeg 640w, https:\/\/espacolaforet.com.br\/site\/wp-content\/uploads\/2018\/04\/3.-Quadra-960x540.jpeg 960w, https:\/\/espacolaforet.com.br\/site\/wp-content\/uploads\/2018\/04\/3.-Quadra-1280x720.jpeg 1280w\" sizes=\"(max-width: 1600px) 100vw, 1600px\" \/>[\/vc_column_text][\/vc_column_inner][vc_column_inner width=&#8221;2\/3&#8243;][vc_custom_heading text=&#8221;Quadra&#8221; google_fonts=&#8221;font_family:ABeeZee%3Aregular%2Citalic|font_style:400%20regular%3A400%3Anormal&#8221;][vc_column_text]Gramado para futebol, ideal para descontrair e bater uma bolinha enquanto aprecia um churrasco com cerveja.<br \/>\n[\/vc_column_text][\/vc_column_inner][\/vc_row_inner][wyde_separator color=&#8221;#bababa&#8221;][vc_row_inner][vc_column_inner width=&#8221;1\/3&#8243;][vc_column_text]<img loading=\"lazy\" decoding=\"async\" class=\"alignnone wp-image-3807 size-full\" src=\"https:\/\/espacolaforet.com.br\/wp-content\/uploads\/2018\/04\/4.-Gramado-de-Volei.jpg\" alt=\"\" width=\"663\" height=\"500\" \/>[\/vc_column_text][\/vc_column_inner][vc_column_inner width=&#8221;2\/3&#8243;][vc_custom_heading text=&#8221;Gramado de V\u00f4lei&#8221; google_fonts=&#8221;font_family:ABeeZee%3Aregular%2Citalic|font_style:400%20regular%3A400%3Anormal&#8221;][vc_column_text]Gramado totalmente cercado por bambus, criando uma sensa\u00e7\u00e3o \u00fanica de contato com a natureza. Aquele jogo de v\u00f4lei perfeito para integrar os funcion\u00e1rios e colaboradores da sua empresa.[\/vc_column_text][\/vc_column_inner][\/vc_row_inner][wyde_separator color=&#8221;#bababa&#8221;][vc_row_inner][vc_column_inner width=&#8221;1\/3&#8243;][vc_column_text]<img loading=\"lazy\" decoding=\"async\" class=\"alignnone wp-image-3806 size-full\" src=\"https:\/\/espacolaforet.com.br\/wp-content\/uploads\/2018\/04\/5.-Mesas-de-Jogos.jpeg\" alt=\"\" width=\"1280\" height=\"960\" srcset=\"https:\/\/espacolaforet.com.br\/site\/wp-content\/uploads\/2018\/04\/5.-Mesas-de-Jogos.jpeg 1280w, https:\/\/espacolaforet.com.br\/site\/wp-content\/uploads\/2018\/04\/5.-Mesas-de-Jogos-768x576.jpeg 768w, https:\/\/espacolaforet.com.br\/site\/wp-content\/uploads\/2018\/04\/5.-Mesas-de-Jogos-960x720.jpeg 960w\" sizes=\"(max-width: 1280px) 100vw, 1280px\" \/>[\/vc_column_text][\/vc_column_inner][vc_column_inner width=&#8221;2\/3&#8243;][vc_custom_heading text=&#8221;Mesas de Jogos&#8221; google_fonts=&#8221;font_family:ABeeZee%3Aregular%2Citalic|font_style:400%20regular%3A400%3Anormal&#8221;][vc_column_text]Mesa de sinuca, pebolin e carteado, afinal toda confraterniza\u00e7\u00e3o de final de ano merece aquele jogo de sinuca com o chefe.[\/vc_column_text][\/vc_column_inner][\/vc_row_inner][wyde_separator color=&#8221;#bababa&#8221;][vc_row_inner][vc_column_inner width=&#8221;1\/3&#8243;][vc_column_text]<img loading=\"lazy\" decoding=\"async\" class=\"alignnone wp-image-3805 size-full\" src=\"https:\/\/espacolaforet.com.br\/wp-content\/uploads\/2018\/04\/6.-Salao-Coberto.jpg\" alt=\"\" width=\"800\" height=\"533\" srcset=\"https:\/\/espacolaforet.com.br\/site\/wp-content\/uploads\/2018\/04\/6.-Salao-Coberto.jpg 800w, https:\/\/espacolaforet.com.br\/site\/wp-content\/uploads\/2018\/04\/6.-Salao-Coberto-768x512.jpg 768w\" sizes=\"(max-width: 800px) 100vw, 800px\" \/>[\/vc_column_text][\/vc_column_inner][vc_column_inner width=&#8221;2\/3&#8243;][vc_custom_heading text=&#8221;Sal\u00e3o Coberto&#8221; google_fonts=&#8221;font_family:ABeeZee%3Aregular%2Citalic|font_style:400%20regular%3A400%3Anormal&#8221;][vc_column_text]Amplo sal\u00e3o coberto com paredes envidra\u00e7adas que propicia o contato permanente com a natureza. Comporta at\u00e9 300 pessoas sentadas confortavelmente. Possui palco interno para realiza\u00e7\u00e3o de brindes, retrospectiva, m\u00fasicos ou um destaque especial. Possui banheiro para cadeirantes, banheiro feminino e banheiro masculino. Acesso direto ao espa\u00e7o crian\u00e7a, lounges das varandas, jardim de inverno e ilhas gastron\u00f4micas. Todo o sal\u00e3o possui p\u00e9 direito com 4,5 metros de altura.<br \/>\n[\/vc_column_text][\/vc_column_inner][\/vc_row_inner][wyde_separator color=&#8221;#bababa&#8221;][vc_row_inner][vc_column_inner width=&#8221;1\/3&#8243;][vc_column_text]<img loading=\"lazy\" decoding=\"async\" class=\"alignnone wp-image-3804 size-full\" src=\"https:\/\/espacolaforet.com.br\/wp-content\/uploads\/2018\/04\/7.-Lago-com-Deck.jpg\" alt=\"\" width=\"3264\" height=\"2448\" srcset=\"https:\/\/espacolaforet.com.br\/site\/wp-content\/uploads\/2018\/04\/7.-Lago-com-Deck.jpg 3264w, https:\/\/espacolaforet.com.br\/site\/wp-content\/uploads\/2018\/04\/7.-Lago-com-Deck-768x576.jpg 768w, https:\/\/espacolaforet.com.br\/site\/wp-content\/uploads\/2018\/04\/7.-Lago-com-Deck-1280x960.jpg 1280w, https:\/\/espacolaforet.com.br\/site\/wp-content\/uploads\/2018\/04\/7.-Lago-com-Deck-960x720.jpg 960w\" sizes=\"(max-width: 3264px) 100vw, 3264px\" \/>[\/vc_column_text][\/vc_column_inner][vc_column_inner width=&#8221;2\/3&#8243;][vc_custom_heading text=&#8221;Lago com Deck&#8221; google_fonts=&#8221;font_family:ABeeZee%3Aregular%2Citalic|font_style:400%20regular%3A400%3Anormal&#8221;][vc_column_text]Lindo deck flutuante no lago muito utilizado para brincar com as Water Balls. As crian\u00e7as e os adultos ir\u00e3o se divertir muito por aqui.[\/vc_column_text][\/vc_column_inner][\/vc_row_inner][wyde_separator color=&#8221;#bababa&#8221;][vc_row_inner][vc_column_inner width=&#8221;1\/3&#8243;][vc_column_text]<img loading=\"lazy\" decoding=\"async\" class=\"alignnone wp-image-3803 size-full\" src=\"https:\/\/espacolaforet.com.br\/wp-content\/uploads\/2018\/04\/8.-Amplos-Gramados.jpg\" alt=\"\" width=\"930\" height=\"584\" srcset=\"https:\/\/espacolaforet.com.br\/site\/wp-content\/uploads\/2018\/04\/8.-Amplos-Gramados.jpg 930w, https:\/\/espacolaforet.com.br\/site\/wp-content\/uploads\/2018\/04\/8.-Amplos-Gramados-768x482.jpg 768w\" sizes=\"(max-width: 930px) 100vw, 930px\" \/>[\/vc_column_text][\/vc_column_inner][vc_column_inner width=&#8221;2\/3&#8243;][vc_custom_heading text=&#8221;Amplos Gramados&#8221; google_fonts=&#8221;font_family:ABeeZee%3Aregular%2Citalic|font_style:400%20regular%3A400%3Anormal&#8221;][vc_column_text]Amplo gramado integrado ao sal\u00e3o principal e com vista para os lagos. Perfeito para gincanas, brincadeiras e montagem de infl\u00e1veis.<br \/>\n[\/vc_column_text][\/vc_column_inner][\/vc_row_inner][wyde_separator color=&#8221;#bababa&#8221;][vc_row_inner][vc_column_inner width=&#8221;1\/3&#8243;][vc_column_text]<img loading=\"lazy\" decoding=\"async\" class=\"alignnone wp-image-3802 size-full\" src=\"https:\/\/espacolaforet.com.br\/wp-content\/uploads\/2018\/04\/9.-Bar.jpeg\" alt=\"\" width=\"1600\" height=\"1200\" srcset=\"https:\/\/espacolaforet.com.br\/site\/wp-content\/uploads\/2018\/04\/9.-Bar.jpeg 1600w, https:\/\/espacolaforet.com.br\/site\/wp-content\/uploads\/2018\/04\/9.-Bar-768x576.jpeg 768w, https:\/\/espacolaforet.com.br\/site\/wp-content\/uploads\/2018\/04\/9.-Bar-1280x960.jpeg 1280w, https:\/\/espacolaforet.com.br\/site\/wp-content\/uploads\/2018\/04\/9.-Bar-960x720.jpeg 960w\" sizes=\"(max-width: 1600px) 100vw, 1600px\" \/>[\/vc_column_text][\/vc_column_inner][vc_column_inner width=&#8221;2\/3&#8243;][vc_custom_heading text=&#8221;Bar&#8221; google_fonts=&#8221;font_family:ABeeZee%3Aregular%2Citalic|font_style:400%20regular%3A400%3Anormal&#8221;][vc_column_text]Lindo bar feito com bambus. Fica pr\u00f3ximo a piscina, quadra de futebol e mesas de jogos. Perfeito para tomar uma cerveja e petiscar uma carne enquanto compartilha com os colegas de trabalho.<br \/>\n[\/vc_column_text][\/vc_column_inner][\/vc_row_inner][wyde_separator color=&#8221;#bababa&#8221;][vc_row_inner][vc_column_inner width=&#8221;1\/3&#8243;][vc_column_text]<img loading=\"lazy\" decoding=\"async\" class=\"alignnone wp-image-3801 size-full\" src=\"https:\/\/espacolaforet.com.br\/wp-content\/uploads\/2018\/04\/10.-Redes.jpg\" alt=\"\" width=\"1009\" height=\"648\" srcset=\"https:\/\/espacolaforet.com.br\/site\/wp-content\/uploads\/2018\/04\/10.-Redes.jpg 1009w, https:\/\/espacolaforet.com.br\/site\/wp-content\/uploads\/2018\/04\/10.-Redes-768x493.jpg 768w, https:\/\/espacolaforet.com.br\/site\/wp-content\/uploads\/2018\/04\/10.-Redes-960x617.jpg 960w\" sizes=\"(max-width: 1009px) 100vw, 1009px\" \/>[\/vc_column_text][\/vc_column_inner][vc_column_inner width=&#8221;2\/3&#8243;][vc_custom_heading text=&#8221;Redes&#8221; google_fonts=&#8221;font_family:ABeeZee%3Aregular%2Citalic|font_style:400%20regular%3A400%3Anormal&#8221;][vc_column_text]Espa\u00e7o relax com redes perfeitas para aquele cochilo depois do almo\u00e7o. Afinal, festa de final de ano \u00e9 para relaxar, trabalho n\u00f3s deixamos para os outros dias do ano.[\/vc_column_text][\/vc_column_inner][\/vc_row_inner][wyde_separator color=&#8221;#bababa&#8221;][vc_row_inner][vc_column_inner width=&#8221;1\/3&#8243;][vc_column_text]<img loading=\"lazy\" decoding=\"async\" class=\"alignnone wp-image-3800 size-full\" src=\"https:\/\/espacolaforet.com.br\/wp-content\/uploads\/2018\/04\/12.-Varandas-Cobertas.jpeg\" alt=\"\" width=\"1600\" height=\"900\" srcset=\"https:\/\/espacolaforet.com.br\/site\/wp-content\/uploads\/2018\/04\/12.-Varandas-Cobertas.jpeg 1600w, https:\/\/espacolaforet.com.br\/site\/wp-content\/uploads\/2018\/04\/12.-Varandas-Cobertas-768x432.jpeg 768w, https:\/\/espacolaforet.com.br\/site\/wp-content\/uploads\/2018\/04\/12.-Varandas-Cobertas-640x360.jpeg 640w, https:\/\/espacolaforet.com.br\/site\/wp-content\/uploads\/2018\/04\/12.-Varandas-Cobertas-960x540.jpeg 960w, https:\/\/espacolaforet.com.br\/site\/wp-content\/uploads\/2018\/04\/12.-Varandas-Cobertas-1280x720.jpeg 1280w\" sizes=\"(max-width: 1600px) 100vw, 1600px\" \/>[\/vc_column_text][\/vc_column_inner][vc_column_inner width=&#8221;2\/3&#8243;][vc_custom_heading text=&#8221;Varandas Cobertas&#8221; google_fonts=&#8221;font_family:ABeeZee%3Aregular%2Citalic|font_style:400%20regular%3A400%3Anormal&#8221;][vc_column_text]Lounges cobertos com vidro contornando o sal\u00e3o e dando acesso ao gramado principal, proporcionando contato direto com a natureza. Os lounges s\u00e3o integrados com o espa\u00e7o que pode ser usado para a pista de dan\u00e7a. Possui arvores cenogr\u00e1ficas com LEDs.<br \/>\n[\/vc_column_text][\/vc_column_inner][\/vc_row_inner][wyde_separator color=&#8221;#bababa&#8221;][vc_row_inner][vc_column_inner width=&#8221;1\/3&#8243;][vc_column_text]<img loading=\"lazy\" decoding=\"async\" class=\"alignnone wp-image-3799 size-full\" src=\"https:\/\/espacolaforet.com.br\/wp-content\/uploads\/2018\/04\/13.-Pista-de-danca-coberta.jpg\" alt=\"\" width=\"669\" height=\"445\" \/>[\/vc_column_text][\/vc_column_inner][vc_column_inner width=&#8221;2\/3&#8243;][vc_custom_heading text=&#8221;Pista de Dan\u00e7a&#8221; google_fonts=&#8221;font_family:ABeeZee%3Aregular%2Citalic|font_style:400%20regular%3A400%3Anormal&#8221;][vc_column_text]Espa\u00e7o semiaberto ideal para desfrutar de boa musica e descontra\u00e7\u00e3o em continuo contato com a natureza. Aqui a descontra\u00e7\u00e3o da confraterniza\u00e7\u00e3o fica completa![\/vc_column_text][\/vc_column_inner][\/vc_row_inner][wyde_separator color=&#8221;#bababa&#8221;][vc_row_inner][vc_column_inner width=&#8221;1\/3&#8243;][vc_column_text]<img loading=\"lazy\" decoding=\"async\" class=\"alignnone wp-image-3784 size-full\" src=\"https:\/\/espacolaforet.com.br\/wp-content\/uploads\/2018\/04\/15.-Espaco-Crianca.jpg\" alt=\"\" width=\"1022\" height=\"570\" srcset=\"https:\/\/espacolaforet.com.br\/site\/wp-content\/uploads\/2018\/04\/15.-Espaco-Crianca.jpg 1022w, https:\/\/espacolaforet.com.br\/site\/wp-content\/uploads\/2018\/04\/15.-Espaco-Crianca-768x428.jpg 768w, https:\/\/espacolaforet.com.br\/site\/wp-content\/uploads\/2018\/04\/15.-Espaco-Crianca-960x535.jpg 960w\" sizes=\"(max-width: 1022px) 100vw, 1022px\" \/>[\/vc_column_text][\/vc_column_inner][vc_column_inner width=&#8221;2\/3&#8243;][vc_custom_heading text=&#8221;Espa\u00e7o Crian\u00e7as&#8221; google_fonts=&#8221;font_family:ABeeZee%3Aregular%2Citalic|font_style:400%20regular%3A400%3Anormal&#8221;][vc_column_text]Pensando na tranquilidade para dos convidados oferecemos um Playground.<br \/>\n[\/vc_column_text][\/vc_column_inner][\/vc_row_inner][wyde_separator color=&#8221;#bababa&#8221;][vc_row_inner][vc_column_inner width=&#8221;1\/3&#8243;][vc_column_text]<img loading=\"lazy\" decoding=\"async\" class=\"alignnone wp-image-3778 size-full\" src=\"https:\/\/espacolaforet.com.br\/wp-content\/uploads\/2018\/04\/13.-Banheiros-Femenino-maculino-e-Cadeirantes.jpg\" alt=\"\" width=\"600\" height=\"400\" \/>[\/vc_column_text][\/vc_column_inner][vc_column_inner width=&#8221;2\/3&#8243;][vc_custom_heading text=&#8221;Banheiros &#8211; Feminino e masculino e para Cadeirantes&#8221; google_fonts=&#8221;font_family:ABeeZee%3Aregular%2Citalic|font_style:400%20regular%3A400%3Anormal&#8221;][vc_column_text]3 banheiros: Deficientes, feminino e masculino. Os 3 s\u00e3o espa\u00e7osos e modernos.<br \/>\n[\/vc_column_text][\/vc_column_inner][\/vc_row_inner][wyde_separator color=&#8221;#bababa&#8221;][vc_row_inner][vc_column_inner width=&#8221;1\/3&#8243;][vc_column_text]<img loading=\"lazy\" decoding=\"async\" class=\"alignnone wp-image-3796 size-full\" src=\"https:\/\/espacolaforet.com.br\/wp-content\/uploads\/2018\/04\/17.-Estacionamento.png\" alt=\"\" width=\"1167\" height=\"724\" srcset=\"https:\/\/espacolaforet.com.br\/site\/wp-content\/uploads\/2018\/04\/17.-Estacionamento.png 1167w, https:\/\/espacolaforet.com.br\/site\/wp-content\/uploads\/2018\/04\/17.-Estacionamento-768x476.png 768w, https:\/\/espacolaforet.com.br\/site\/wp-content\/uploads\/2018\/04\/17.-Estacionamento-960x596.png 960w\" sizes=\"(max-width: 1167px) 100vw, 1167px\" \/>[\/vc_column_text][\/vc_column_inner][vc_column_inner width=&#8221;2\/3&#8243;][vc_custom_heading text=&#8221;Estacionamento&#8221; google_fonts=&#8221;font_family:ABeeZee%3Aregular%2Citalic|font_style:400%20regular%3A400%3Anormal&#8221;][vc_column_text]Amplo estacionamento com espa\u00e7o para manobra de \u00f4nibus e vans. Comporta at\u00e9 90 ve\u00edculos ou 50 ve\u00edculos e 5 \u00f4nibus.<br \/>\n[\/vc_column_text][\/vc_column_inner][\/vc_row_inner][wyde_separator color=&#8221;#bababa&#8221;][vc_row_inner][vc_column_inner width=&#8221;1\/3&#8243;][vc_column_text]<img loading=\"lazy\" decoding=\"async\" class=\"alignnone wp-image-3794 size-full\" src=\"https:\/\/espacolaforet.com.br\/wp-content\/uploads\/2018\/04\/18.-Chale-privativo.jpg\" alt=\"\" width=\"720\" height=\"477\" \/>[\/vc_column_text][\/vc_column_inner][vc_column_inner width=&#8221;2\/3&#8243;][vc_custom_heading text=&#8221;Chal\u00e9 Privativo&#8221; google_fonts=&#8221;font_family:ABeeZee%3Aregular%2Citalic|font_style:400%20regular%3A400%3Anormal&#8221;][vc_column_text]Pode ser usado como su\u00edte exclusiva para executivos ou como chapelaria.<br \/>\n[\/vc_column_text][\/vc_column_inner][\/vc_row_inner][wyde_separator color=&#8221;#bababa&#8221;][vc_row_inner][vc_column_inner width=&#8221;1\/3&#8243;][vc_column_text]<img loading=\"lazy\" decoding=\"async\" class=\"alignnone wp-image-3790 size-full\" src=\"https:\/\/espacolaforet.com.br\/wp-content\/uploads\/2018\/04\/18.1.-Suite-Privativa.jpeg\" alt=\"\" width=\"1600\" height=\"1200\" srcset=\"https:\/\/espacolaforet.com.br\/site\/wp-content\/uploads\/2018\/04\/18.1.-Suite-Privativa.jpeg 1600w, https:\/\/espacolaforet.com.br\/site\/wp-content\/uploads\/2018\/04\/18.1.-Suite-Privativa-768x576.jpeg 768w, https:\/\/espacolaforet.com.br\/site\/wp-content\/uploads\/2018\/04\/18.1.-Suite-Privativa-1280x960.jpeg 1280w, https:\/\/espacolaforet.com.br\/site\/wp-content\/uploads\/2018\/04\/18.1.-Suite-Privativa-960x720.jpeg 960w\" sizes=\"(max-width: 1600px) 100vw, 1600px\" \/>[\/vc_column_text][\/vc_column_inner][vc_column_inner width=&#8221;2\/3&#8243;][vc_custom_heading text=&#8221;Suite Privativa&#8221; google_fonts=&#8221;font_family:ABeeZee%3Aregular%2Citalic|font_style:400%20regular%3A400%3Anormal&#8221;][vc_column_text]Su\u00edte com decora\u00e7\u00e3o moderna e todo o conforto necess\u00e1rio para que as equipes que trabalham no dia possam descansar um pouco. Tamb\u00e9m pode ser usado de camarim para bandas ou outros prestadores de servi\u00e7o.<br \/>\n[\/vc_column_text][\/vc_column_inner][\/vc_row_inner][wyde_separator color=&#8221;#bababa&#8221;][vc_row_inner][vc_column_inner width=&#8221;1\/3&#8243;][vc_column_text]<img loading=\"lazy\" decoding=\"async\" class=\"alignnone wp-image-3786 size-full\" src=\"https:\/\/espacolaforet.com.br\/wp-content\/uploads\/2018\/04\/17.jpg\" alt=\"\" width=\"400\" height=\"304\" \/>[\/vc_column_text][\/vc_column_inner][vc_column_inner width=&#8221;2\/3&#8243;][vc_custom_heading text=&#8221;Acessibilidade para Cadeirantes&#8221; google_fonts=&#8221;font_family:ABeeZee%3Aregular%2Citalic|font_style:400%20regular%3A400%3Anormal&#8221;][vc_column_text]Todo o Espa\u00e7o foi pensado levando em considera\u00e7\u00e3o as necessidades de locomo\u00e7\u00e3o de cadeirantes, dessa forma todos os espa\u00e7os possuem acesso atrav\u00e9s de rampas.<br \/>\n[\/vc_column_text][\/vc_column_inner][\/vc_row_inner][\/vc_column][\/vc_row][vc_row padding_size=&#8221;no-padding&#8221; background_color=&#8221;#ffd300&#8243; css=&#8221;.vc_custom_1436023115534{padding-top: 0px !important;}&#8221;][vc_column text_align=&#8221;center&#8221;][wyde_action_box title=&#8221;PE\u00c7A UM OR\u00c7AMENTO E AGENDE UMA VISITA&#8221; button_text=&#8221;CLIQUE AQUI&#8221; style=&#8221;round&#8221; size=&#8221;large&#8221; color=&#8221;#000000&#8243; hover_color=&#8221;#ffffff&#8221; link=&#8221;url:https%3A%2F%2Fespacolaforet.com.br%2Fcontato%2F||target:%20_blank|&#8221;][\/wyde_action_box][\/vc_column][\/vc_row]<\/p>\n","protected":false},"excerpt":{"rendered":"<p>[vc_row padding_size=&#8221;no-padding&#8221; background_color=&#8221;#ffd300&#8243; css=&#8221;.vc_custom_1436023115534{padding-top: 0px !important;}&#8221;][vc_column text_align=&#8221;center&#8221;][wyde_action_box title=&#8221;PE\u00c7A UM OR\u00c7AMENTO E AGENDE UMA VISITA&#8221; button_text=&#8221;CLIQUE AQUI&#8221; style=&#8221;round&#8221; size=&#8221;large&#8221; color=&#8221;#000000&#8243; hover_color=&#8221;#ffffff&#8221; link=&#8221;url:https%3A%2F%2Fespacolaforet.com.br%2Fcontato%2F||target:%20_blank|&#8221;][\/wyde_action_box][\/vc_column][\/vc_row][vc_row background_color=&#8221;#ffffff&#8221;][vc_column][vc_row_inner][vc_column_inner width=&#8221;1\/3&#8243;][vc_column_text][\/vc_column_text][\/vc_column_inner][vc_column_inner width=&#8221;2\/3&#8243;][vc_custom_heading text=&#8221;Vista Geral&#8221; google_fonts=&#8221;font_family:ABeeZee%3Aregular%2Citalic|font_style:400%20regular%3A400%3Anormal&#8221;][vc_column_text]A vista do Espa\u00e7o \u00e9 linda, digna de um cart\u00e3o postal. A arquitetura, paisagismo e mata se misturam criando um ambiente \u00fanico para que os seus convidados possam aproveitar [&hellip;]<\/p>\n","protected":false},"author":4,"featured_media":0,"parent":0,"menu_order":0,"comment_status":"closed","ping_status":"closed","template":"","meta":{"footnotes":""},"class_list":["post-3789","page","type-page","status-publish","hentry"],"_links":{"self":[{"href":"https:\/\/espacolaforet.com.br\/site\/wp-json\/wp\/v2\/pages\/3789"}],"collection":[{"href":"https:\/\/espacolaforet.com.br\/site\/wp-json\/wp\/v2\/pages"}],"about":[{"href":"https:\/\/espacolaforet.com.br\/site\/wp-json\/wp\/v2\/types\/page"}],"author":[{"embeddable":true,"href":"https:\/\/espacolaforet.com.br\/site\/wp-json\/wp\/v2\/users\/4"}],"replies":[{"embeddable":true,"href":"https:\/\/espacolaforet.com.br\/site\/wp-json\/wp\/v2\/comments?post=3789"}],"version-history":[{"count":12,"href":"https:\/\/espacolaforet.com.br\/site\/wp-json\/wp\/v2\/pages\/3789\/revisions"}],"predecessor-version":[{"id":3947,"href":"https:\/\/espacolaforet.com.br\/site\/wp-json\/wp\/v2\/pages\/3789\/revisions\/3947"}],"wp:attachment":[{"href":"https:\/\/espacolaforet.com.br\/site\/wp-json\/wp\/v2\/media?parent=3789"}],"curies":[{"name":"wp","href":"https:\/\/api.w.org\/{rel}","templated":true}]}}