{"id":3555,"date":"2018-03-28T12:54:49","date_gmt":"2018-03-28T15:54:49","guid":{"rendered":"https:\/\/espacolaforet.com.br\/?page_id=3555"},"modified":"2018-05-17T11:44:41","modified_gmt":"2018-05-17T14:44:41","slug":"confraternizacoes-e-eventos-corporativos","status":"publish","type":"page","link":"https:\/\/espacolaforet.com.br\/site\/confraternizacoes-e-eventos-corporativos\/","title":{"rendered":"Confraterniza\u00e7\u00f5es e eventos corporativos"},"content":{"rendered":"<p>[vc_row][vc_column width=&#8221;3\/4&#8243;][vc_column_text]<\/p>\n<p style=\"background: #fbf9f4; vertical-align: baseline; text-align: justify;\"><span style=\"font-size: 11.0pt; font-family: 'Arial','sans-serif'; color: #333333;\">O Espa\u00e7o La For\u00eat lhe proporciona op\u00e7\u00f5es diferenciadas para os mais diferentes eventos corporativos. Oferecemos uma vasta estrutura para realizar o evento de sua empresa da melhor maneira em um ambiente agrad\u00e1vel, cercado por muita natureza e espa\u00e7o.<\/span><\/p>\n<p style=\"background: #fbf9f4; vertical-align: baseline; text-align: justify;\"><span style=\"font-size: 11.0pt; font-family: 'Arial','sans-serif'; color: #333333;\">A estrutura de lazer, a ampla \u00e1rea verde e as solu\u00e7\u00f5es de qualidade de muito bom gosto em alimenta\u00e7\u00e3o e outros servi\u00e7os fazem do Espa\u00e7o La For\u00eat o lugar ideal para realiza\u00e7\u00e3o de confraterniza\u00e7\u00f5es, eventos em geral, churrascos e festas de fim de ano.<\/span><\/p>\n<p style=\"background: #fbf9f4; vertical-align: baseline; text-align: justify;\"><span style=\"font-size: 11.0pt; font-family: 'Arial','sans-serif'; color: #333333;\">Pr\u00f3ximo \u00e0s cidades de S\u00e3o Paulo e Alphaville, o Espa\u00e7o possui localiza\u00e7\u00e3o privilegiada, em um ambiente altamente despojado e charmoso, que alia o charme de sua extensa estrutura interna com a vasta \u00e1rea verde de mais de 15.000 m2 para eventos e confraterniza\u00e7\u00f5es incr\u00edveis ao ar livre.<\/span><\/p>\n<p style=\"background: #fbf9f4; vertical-align: baseline; text-align: justify;\"><span style=\"font-size: 11.0pt; font-family: 'Arial','sans-serif'; color: #333333;\">Atendendo com excel\u00eancia e exclusividade grupos de at\u00e9 400 pessoas, o Espa\u00e7o La For\u00eat pode oferecer muita divers\u00e3o e descontra\u00e7\u00e3o a sua empresa e a seus convidados atrav\u00e9s de toda a infraestrutura para garantir o sucesso de seu evento. <\/span><\/p>\n<p style=\"background: #fbf9f4; vertical-align: baseline; text-align: justify;\"><span style=\"font-size: 11.0pt; font-family: 'Arial','sans-serif'; color: #333333;\">O Espa\u00e7o La For\u00eat lhe proporciona op\u00e7\u00f5es diferenciadas para os mais diferentes eventos corporativos. Oferecemos uma vasta estrutura para realizar o evento de sua empresa da melhor maneira em um ambiente agrad\u00e1vel, cercado por muita natureza e espa\u00e7o.<\/span><\/p>\n<p style=\"background: #fbf9f4; vertical-align: baseline; text-align: justify;\"><span style=\"font-size: 11.0pt; font-family: 'Arial','sans-serif'; color: #333333;\">Com um grandioso espa\u00e7o multifuncional que oferece a possibilidade de layouts, programa\u00e7\u00f5es e configura\u00e7\u00f5es diferenciadas gra\u00e7as \u00e0 suas modernas e inovadoras instala\u00e7\u00f5es.<\/span><\/p>\n<p style=\"background: #fbf9f4; vertical-align: baseline; text-align: justify;\"><span style=\"font-size: 11.0pt; font-family: 'Arial','sans-serif'; color: #333333;\">Amplas janelas tamb\u00e9m contribuem com a decora\u00e7\u00e3o e, aliadas \u00e0s varandas espa\u00e7osas do local, permitem o contato visual com a extensa \u00e1rea verde localizada ao redor, sendo uma alternativa \u00e0s tradicionais salas de eventos.<\/span><\/p>\n<p style=\"background: #fbf9f4; vertical-align: baseline; text-align: justify;\"><span style=\"font-size: 11.0pt; font-family: 'Arial','sans-serif'; color: #333333;\">Jardins, Lagos, Campo de Futebol, Churrasqueira e outras \u00e1reas podem tamb\u00e9m ser utilizadas para atividades complementares e outros momentos de descontra\u00e7\u00e3o, relevantes para tirar os funcion\u00e1rios de seu ambiente convencional e lev\u00e1-los para espa\u00e7os amplos com natureza com a inten\u00e7\u00e3o de contribuir para criar uma atmosfera diferenciada para seu evento, estimulando a criatividade e propiciando bem-estar aos profissionais.<\/span><\/p>\n<p>[\/vc_column_text][\/vc_column][vc_column width=&#8221;1\/4&#8243;][wyde_image_gallery images=&#8221;3615,3619,3638,3651,3673,3629,3623,3671,3625,3622&#8243; image_size=&#8221;medium&#8221; gallery_type=&#8221;grid-space&#8221; columns=&#8221;2&#8243;][\/vc_column][\/vc_row][vc_row padding_size=&#8221;no-padding&#8221; background_color=&#8221;#ffd300&#8243; css=&#8221;.vc_custom_1436023115534{padding-top: 0px !important;}&#8221;][vc_column text_align=&#8221;center&#8221;][wyde_action_box title=&#8221;Pe\u00e7a um or\u00e7amento e agende uma visita&#8221; button_text=&#8221;CLIQUE AQUI&#8221; style=&#8221;round&#8221; size=&#8221;large&#8221; color=&#8221;#000000&#8243; hover_color=&#8221;#ffffff&#8221; link=&#8221;url:https%3A%2F%2Fespacolaforet.com.br%2Fcontato%2F||target:%20_blank|&#8221;][\/wyde_action_box][\/vc_column][\/vc_row][vc_row background_color=&#8221;#eaeaea&#8221;][vc_column][vc_custom_heading text=&#8221;Pe\u00e7a um or\u00e7amento ou agende sua visita!&#8221; font_container=&#8221;tag:h2|text_align:center&#8221; google_fonts=&#8221;font_family:ABeeZee%3Aregular%2Citalic|font_style:400%20regular%3A400%3Anormal&#8221;]\n                <div class='gf_browser_gecko gform_wrapper' id='gform_wrapper_1' style='display:none'><a id='gf_1' class='gform_anchor' ><\/a><form method='post' enctype='multipart\/form-data' target='gform_ajax_frame_1' id='gform_1'  action='\/site\/wp-json\/wp\/v2\/pages\/3555#gf_1'>\n                        <div class='gform_heading'>\n                            <h3 class='gform_title'>Or\u00e7amento<\/h3>\n                        <\/div>\n                        <div class='gform_body'><ul id='gform_fields_1' class='gform_fields top_label form_sublabel_below description_below'><li id='field_1_1'  class='gfield gfield_contains_required field_sublabel_below field_description_below gfield_visibility_visible' ><label class='gfield_label' for='input_1_1' >O seu nome<span class='gfield_required'>*<\/span><\/label><div class='ginput_container ginput_container_text'><input name='input_1' id='input_1_1' type='text' value='' class='large'     aria-required=\"true\" aria-invalid=\"false\" \/><\/div><\/li><li id='field_1_2'  class='gfield gfield_contains_required field_sublabel_below field_description_below gfield_visibility_visible' ><label class='gfield_label' for='input_1_2' >O seu e-mail<span class='gfield_required'>*<\/span><\/label><div class='ginput_container ginput_container_email'>\n                            <input name='input_2' id='input_1_2' type='text' value='' class='large'     aria-required=\"true\" aria-invalid=\"false\"\/>\n                        <\/div><\/li><li id='field_1_3'  class='gfield gfield_contains_required field_sublabel_below field_description_below gfield_visibility_visible' ><label class='gfield_label' for='input_1_3' >O seu telefone<span class='gfield_required'>*<\/span><\/label><div class='ginput_container ginput_container_text'><input name='input_3' id='input_1_3' type='text' value='' class='large'     aria-required=\"true\" aria-invalid=\"false\" \/><\/div><\/li><li id='field_1_4'  class='gfield gfield_contains_required field_sublabel_below field_description_below gfield_visibility_visible' ><label class='gfield_label' for='input_1_4' >O seu tipo de evento<span class='gfield_required'>*<\/span><\/label><div class='ginput_container ginput_container_select'><select name='input_4' id='input_1_4' onchange='gf_apply_rules(1,[5,7]);' class='large gfield_select'   aria-required=\"true\" aria-invalid=\"false\"><option value='Casamento' >Casamento<\/option><option value='Casamento a dois - Elopement Wedding' >Casamento a dois - Elopement Wedding<\/option><option value='Casamentos civil com at\u00e9 10 convidados' >Casamentos civil com at\u00e9 10 convidados<\/option><option value='Confraterniza\u00e7\u00f5es e\/ou festa de fim de ano' >Confraterniza\u00e7\u00f5es e\/ou festa de fim de ano<\/option><option value='Bodas e renova\u00e7\u00e3o de votos' >Bodas e renova\u00e7\u00e3o de votos<\/option><option value='Outros' >Outros<\/option><\/select><\/div><\/li><li id='field_1_5'  class='gfield gf_left_half gfield_contains_required field_sublabel_below field_description_below gfield_visibility_visible' ><label class='gfield_label' for='input_1_5' >Ano do seu evento<span class='gfield_required'>*<\/span><\/label><div class='ginput_container ginput_container_select'><select name='input_5' id='input_1_5'  class='large gfield_select'   aria-required=\"true\" aria-invalid=\"false\"><option value='2024' selected='selected'>2024<\/option><option value='2025' >2025<\/option><option value='2026' >2026<\/option><option value='2027' >2027<\/option><option value='2028' >2028<\/option><\/select><\/div><\/li><li id='field_1_7'  class='gfield gf_right_half gfield_contains_required field_sublabel_below field_description_below gfield_visibility_visible' ><label class='gfield_label' for='input_1_7' >Semestre do seu evento<span class='gfield_required'>*<\/span><\/label><div class='ginput_container ginput_container_select'><select name='input_7' id='input_1_7'  class='large gfield_select'   aria-required=\"true\" aria-invalid=\"false\"><option value='1\u00ba Semestre' >1\u00ba Semestre<\/option><option value='2\u00ba Semestre' >2\u00ba Semestre<\/option><\/select><\/div><\/li><li id='field_1_6'  class='gfield field_sublabel_below field_description_below gfield_visibility_visible' ><label class='gfield_label' for='input_1_6' >Quantidade de convidados<\/label><div class='ginput_container ginput_container_select'><select name='input_6' id='input_1_6'  class='large gfield_select'    aria-invalid=\"false\"><option value='At\u00e9 10' >At\u00e9 10<\/option><option value='At\u00e9 40' >At\u00e9 40<\/option><option value='50' >50<\/option><option value='75' >75<\/option><option value='100' >100<\/option><option value='125' >125<\/option><option value='150' >150<\/option><option value='175' >175<\/option><option value='200' >200<\/option><option value='225' >225<\/option><option value='250' >250<\/option><\/select><\/div><div class='gfield_description'>Preencha com a quantidade aproximada de convidados.<\/div><\/li><li id='field_1_8'  class='gfield .gform_wrapper textarea.large {background:white ;} field_sublabel_below field_description_below gfield_visibility_visible' ><label class='gfield_label' for='input_1_8' >Sua mensagem<\/label><div class='ginput_container ginput_container_textarea'><textarea name='input_8' id='input_1_8' class='textarea small'     aria-invalid=\"false\"   rows='10' cols='50'><\/textarea><\/div><\/li><li id='field_1_9'  class='gfield field_sublabel_below field_description_below gfield_visibility_visible' ><label class='gfield_label' for='input_1_9' >CAPTCHA<\/label><div id='input_1_9' class='ginput_container ginput_recaptcha' data-sitekey='6Lf0y-wjAAAAAEmSLhi8uKRH-ZMYTtE8XuIboX9K'  data-theme='light' data-tabindex='0'><\/div><\/li><li id='field_1_10'  class='gfield gform_validation_container field_sublabel_below field_description_below gfield_visibility_visible' ><label class='gfield_label' for='input_1_10' >Comments<\/label><div class='ginput_container'><input name='input_10' id='input_1_10' type='text' value='' \/><\/div><div class='gfield_description'>Este campo \u00e9 para fins de valida\u00e7\u00e3o e n\u00e3o deve ser alterado.<\/div><\/li>\n                            <\/ul><\/div>\n        <div class='gform_footer top_label'> <input type='submit' id='gform_submit_button_1' class='gform_button button' value='Enviar' tabindex='1' onclick='if(window[\"gf_submitting_1\"]){return false;}  window[\"gf_submitting_1\"]=true;  ' onkeypress='if( event.keyCode == 13 ){ if(window[\"gf_submitting_1\"]){return false;} window[\"gf_submitting_1\"]=true;  jQuery(\"#gform_1\").trigger(\"submit\",[true]); }' \/> <input type='hidden' name='gform_ajax' value='form_id=1&amp;title=1&amp;description=&amp;tabindex=0' \/>\n            <input type='hidden' class='gform_hidden' name='is_submit_1' value='1' \/>\n            <input type='hidden' class='gform_hidden' name='gform_submit' value='1' \/>\n            \n            <input type='hidden' class='gform_hidden' name='gform_unique_id' value='' \/>\n            <input type='hidden' class='gform_hidden' name='state_1' value='WyJbXSIsIjY5ZWY5Nzg0MzQ4MmRlY2ZkNjdhMzQ2YzI0ODA1ZTI3Il0=' \/>\n            <input type='hidden' class='gform_hidden' name='gform_target_page_number_1' id='gform_target_page_number_1' value='0' \/>\n            <input type='hidden' class='gform_hidden' name='gform_source_page_number_1' id='gform_source_page_number_1' value='1' \/>\n            <input type='hidden' name='gform_field_values' value='' \/>\n            \n        <\/div>\n                        <p style=\"display: none !important;\" class=\"akismet-fields-container\" data-prefix=\"ak_\"><label>&#916;<textarea name=\"ak_hp_textarea\" cols=\"45\" rows=\"8\" maxlength=\"100\"><\/textarea><\/label><input type=\"hidden\" id=\"ak_js_1\" name=\"ak_js\" value=\"114\"\/><script>document.getElementById( \"ak_js_1\" ).setAttribute( \"value\", ( new Date() ).getTime() );<\/script><\/p><\/form>\n                        <\/div>\n                <iframe style='display:none;width:0px;height:0px;' src='about:blank' name='gform_ajax_frame_1' id='gform_ajax_frame_1'>Este iframe cont\u00e9m a l\u00f3gica necess\u00e1ria para manusear os formul\u00e1rios Gravity Forms movidos a AJAX.<\/iframe>\n                <script type='text\/javascript'>jQuery(document).ready(function($){gformInitSpinner( 1, 'https:\/\/espacolaforet.com.br\/site\/wp-content\/plugins\/gravityforms\/images\/spinner.gif' );jQuery('#gform_ajax_frame_1').on('load',function(){var contents = jQuery(this).contents().find('*').html();var is_postback = contents.indexOf('GF_AJAX_POSTBACK') >= 0;if(!is_postback){return;}var form_content = jQuery(this).contents().find('#gform_wrapper_1');var is_confirmation = jQuery(this).contents().find('#gform_confirmation_wrapper_1').length > 0;var is_redirect = contents.indexOf('gformRedirect(){') >= 0;var is_form = form_content.length > 0 && ! is_redirect && ! is_confirmation;if(is_form){jQuery('#gform_wrapper_1').html(form_content.html());if(form_content.hasClass('gform_validation_error')){jQuery('#gform_wrapper_1').addClass('gform_validation_error');} else {jQuery('#gform_wrapper_1').removeClass('gform_validation_error');}setTimeout( function() { \/* delay the scroll by 50 milliseconds to fix a bug in chrome *\/ jQuery(document).scrollTop(jQuery('#gform_wrapper_1').offset().top); }, 50 );if(window['gformInitDatepicker']) {gformInitDatepicker();}if(window['gformInitPriceFields']) {gformInitPriceFields();}var current_page = jQuery('#gform_source_page_number_1').val();gformInitSpinner( 1, 'https:\/\/espacolaforet.com.br\/site\/wp-content\/plugins\/gravityforms\/images\/spinner.gif' );jQuery(document).trigger('gform_page_loaded', [1, current_page]);window['gf_submitting_1'] = false;}else if(!is_redirect){var confirmation_content = jQuery(this).contents().find('.GF_AJAX_POSTBACK').html();if(!confirmation_content){confirmation_content = contents;}setTimeout(function(){jQuery('#gform_wrapper_1').replaceWith(confirmation_content);jQuery(document).scrollTop(jQuery('#gf_1').offset().top);jQuery(document).trigger('gform_confirmation_loaded', [1]);window['gf_submitting_1'] = false;}, 50);}else{jQuery('#gform_1').append(contents);if(window['gformRedirect']) {gformRedirect();}}jQuery(document).trigger('gform_post_render', [1, current_page]);} );} );<\/script><script type='text\/javascript'> if(typeof gf_global == 'undefined') var gf_global = {\"gf_currency_config\":{\"name\":\"Real brasileiro\",\"symbol_left\":\"R$\",\"symbol_right\":\"\",\"symbol_padding\":\" \",\"thousand_separator\":\".\",\"decimal_separator\":\",\",\"decimals\":2},\"base_url\":\"https:\\\/\\\/espacolaforet.com.br\\\/site\\\/wp-content\\\/plugins\\\/gravityforms\",\"number_formats\":[],\"spinnerUrl\":\"https:\\\/\\\/espacolaforet.com.br\\\/site\\\/wp-content\\\/plugins\\\/gravityforms\\\/images\\\/spinner.gif\"};jQuery(document).bind('gform_post_render', function(event, formId, currentPage){if(formId == 1) {gf_global[\"number_formats\"][1] = {\"1\":{\"price\":false,\"value\":false},\"2\":{\"price\":false,\"value\":false},\"3\":{\"price\":false,\"value\":false},\"4\":{\"price\":false,\"value\":false},\"5\":{\"price\":false,\"value\":false},\"7\":{\"price\":false,\"value\":false},\"6\":{\"price\":false,\"value\":false},\"8\":{\"price\":false,\"value\":false},\"9\":{\"price\":false,\"value\":false},\"10\":{\"price\":false,\"value\":false}};if(window['jQuery']){if(!window['gf_form_conditional_logic'])window['gf_form_conditional_logic'] = new Array();window['gf_form_conditional_logic'][1] = { logic: { 5: {\"field\":{\"actionType\":\"hide\",\"logicType\":\"all\",\"rules\":[{\"fieldId\":\"4\",\"operator\":\"is\",\"value\":\"Confraterniza\\u00e7\\u00f5es e\\\/ou festa de fim de ano\"}]},\"nextButton\":null,\"section\":null},7: {\"field\":{\"actionType\":\"hide\",\"logicType\":\"all\",\"rules\":[{\"fieldId\":\"4\",\"operator\":\"is\",\"value\":\"Confraterniza\\u00e7\\u00f5es e\\\/ou festa de fim de ano\"}]},\"nextButton\":null,\"section\":null} }, dependents: { 5: [5],7: [7] }, animation: 1, defaults: {\"5\":\"2024\"}, fields: {\"1\":[],\"2\":[],\"3\":[],\"4\":[5,7],\"5\":[],\"7\":[],\"6\":[],\"8\":[],\"9\":[],\"10\":[]} }; if(!window['gf_number_format'])window['gf_number_format'] = 'decimal_comma';jQuery(document).ready(function(){gf_apply_rules(1, [5,7], true);jQuery('#gform_wrapper_1').show();jQuery(document).trigger('gform_post_conditional_logic', [1, null, true]);} );} jQuery('#input_1_3').mask('(99) 9999-9999?9').bind('keypress', function(e){if(e.which == 13){jQuery(this).blur();} } );} } );jQuery(document).bind('gform_post_conditional_logic', function(event, formId, fields, isInit){} );<\/script><script type='text\/javascript'> jQuery(document).ready(function(){jQuery(document).trigger('gform_post_render', [1, 1]) } ); <\/script>[\/vc_column][\/vc_row]<\/p>\n","protected":false},"excerpt":{"rendered":"<p>[vc_row][vc_column width=&#8221;3\/4&#8243;][vc_column_text] O Espa\u00e7o La For\u00eat lhe proporciona op\u00e7\u00f5es diferenciadas para os mais diferentes eventos corporativos. Oferecemos uma vasta estrutura para realizar o evento de sua empresa da melhor maneira em um ambiente agrad\u00e1vel, cercado por muita natureza e espa\u00e7o. A estrutura de lazer, a ampla \u00e1rea verde e as solu\u00e7\u00f5es de qualidade de muito [&hellip;]<\/p>\n","protected":false},"author":4,"featured_media":0,"parent":0,"menu_order":0,"comment_status":"closed","ping_status":"closed","template":"","meta":{"footnotes":""},"class_list":["post-3555","page","type-page","status-publish","hentry"],"_links":{"self":[{"href":"https:\/\/espacolaforet.com.br\/site\/wp-json\/wp\/v2\/pages\/3555"}],"collection":[{"href":"https:\/\/espacolaforet.com.br\/site\/wp-json\/wp\/v2\/pages"}],"about":[{"href":"https:\/\/espacolaforet.com.br\/site\/wp-json\/wp\/v2\/types\/page"}],"author":[{"embeddable":true,"href":"https:\/\/espacolaforet.com.br\/site\/wp-json\/wp\/v2\/users\/4"}],"replies":[{"embeddable":true,"href":"https:\/\/espacolaforet.com.br\/site\/wp-json\/wp\/v2\/comments?post=3555"}],"version-history":[{"count":11,"href":"https:\/\/espacolaforet.com.br\/site\/wp-json\/wp\/v2\/pages\/3555\/revisions"}],"predecessor-version":[{"id":3869,"href":"https:\/\/espacolaforet.com.br\/site\/wp-json\/wp\/v2\/pages\/3555\/revisions\/3869"}],"wp:attachment":[{"href":"https:\/\/espacolaforet.com.br\/site\/wp-json\/wp\/v2\/media?parent=3555"}],"curies":[{"name":"wp","href":"https:\/\/api.w.org\/{rel}","templated":true}]}}