{"id":3544,"date":"2018-03-27T13:01:33","date_gmt":"2018-03-27T16:01:33","guid":{"rendered":"https:\/\/espacolaforet.com.br\/?page_id=3544"},"modified":"2018-05-14T11:53:48","modified_gmt":"2018-05-14T14:53:48","slug":"faq","status":"publish","type":"page","link":"https:\/\/espacolaforet.com.br\/site\/faq\/","title":{"rendered":"FAQ"},"content":{"rendered":"<p>[vc_row][vc_column][wyde_toggle title=&#8221;Vou casar! Com quanto tempo de anteced\u00eancia preciso contratar o local da festa?&#8221;]As reservas podem ser feitas com at\u00e9 dois meses de anteced\u00eancia, dependendo da disponibilidade da agenda. Sempre sugerimos que as reservas sejam feitas com pelo menos um ano de anteced\u00eancia, pois quanto maior a proximidade da data menor \u00e9 a chance de conseguir uma data.[\/wyde_toggle][wyde_toggle title=&#8221;Voc\u00eas tem algum parceiro para van e \u00f4nibus?&#8221;]<\/p>\n<div><span style=\"color: #000000; font-family: arial, helvetica, sans-serif;\">Noivos e convidados que usam um transporte terceirizado\u00a0aproveitam mais a festa, a divers\u00e3o \u00e9 sempre maior. Possu\u00edmos\u00a0parceiros na \u00e1rea de transporte, se necess\u00e1rio indicaremos a melhor op\u00e7\u00e3o para os noivos.<\/span><\/div>\n<p>[\/wyde_toggle][wyde_toggle title=&#8221;Existem hot\u00e9is ou pousadas na regi\u00e3o?&#8221;]Sim, na regi\u00e3o onde o Espa\u00e7o est\u00e1 localizado conta com boa infraestrutura de pousadas e hot\u00e9is. Temos parcerias de longo prazo com algumas dessas hospedagens. Ser\u00e1 um prazer indicar para os noivos, amigos ou familiares a melhor acomoda\u00e7\u00e3o poss\u00edvel.<span class=\"m_-7890353756654697419gmail-im\"><br \/>\n<\/span>[\/wyde_toggle][wyde_toggle title=&#8221;Como funciona casar no Espa\u00e7o La For\u00eat? Os noivos se arrumam l\u00e1 mesmo?&#8221;]<span class=\"m_-7890353756654697419gmail-im\">O Espa\u00e7o La For\u00eat oferece uma infraestrutura maravilhosa para que o casal possa se arrumar. Para as noivas oferecemos um rom\u00e2ntico chal\u00e9 com vista para um dos lagos. O espa\u00e7o \u00e9 ideal para relaxar enquanto se prepara para o grande dia, al\u00e9m de proporcionar fotos maravilhosas para o making off. J\u00e1 os homens podem se arrumar em uma suite espa\u00e7osa com decora\u00e7\u00e3o moderna.<br \/>\n<\/span>[\/wyde_toggle][wyde_toggle title=&#8221;Quais servi\u00e7os adicionais preciso contratar?&#8221;]<\/p>\n<div><span style=\"color: #000000; font-family: arial, helvetica, sans-serif;\">O Espa\u00e7o La For\u00eat oferece v\u00e1rios servi\u00e7os que s\u00e3o prestados pelos nossos colaboradores ou por parceiros de longo prazo, s\u00e3o eles: Decora\u00e7\u00e3o, buffet, assessoria do dia, DJ e bartender. Nossa assessora de eventos ter\u00e1 o prazer de indicar todos os outros servi\u00e7os e fornecedores para que a sua festa seja um sonho.<\/span><\/div>\n<p><span class=\"m_-7890353756654697419gmail-im\">\u00a0<\/span>[\/wyde_toggle][wyde_toggle title=&#8221;Como funciona a contrata\u00e7\u00e3o da festa?&#8221;]<\/p>\n<div>O Espa\u00e7o La For\u00eat emiti um contrato detalhado que rege todos os detalhes da rela\u00e7\u00e3o entre empresa e contratantes. Esse contrato tem o objetivo de refor\u00e7ar o comprometimento, transpar\u00eancia e seriedade\u00a0da nossa empresa.<\/div>\n<p><span class=\"m_-7890353756654697419gmail-im\">\u00a0<\/span>[\/wyde_toggle][wyde_toggle title=&#8221;Como funciona a planejamento da festa?&#8221;]<\/p>\n<div>O Espa\u00e7o La For\u00eat oferece um servi\u00e7o de assessoria que ir\u00e1 auxiliar os casais no planejamento da festa. O servi\u00e7o de assessoria\u00a0 ir\u00e1 auxiliar os casais nas escolhas de todos detalhes do grande dia.<span class=\"m_-7890353756654697419gmail-im\"><br \/>\n<\/span><\/div>\n<p><span class=\"m_-7890353756654697419gmail-im\">\u00a0<\/span>[\/wyde_toggle][wyde_toggle title=&#8221;Quero casar na ch\u00e1cara, durante o dia. Qual \u00e9poca do ano \u00e9 mais indicada?&#8221;]<\/p>\n<div><span class=\"m_-7890353756654697419gmail-im\">Casar no campo e pode ser feito durante todo o ano, pois cada \u00e9poca\u00a0do ano proporciona uma experiencia \u00fanica! para realizar casamentos durante o dia indicamos apenas evitar os meses de Dezembro e Janeiro, pois s\u00e3o os meses mais quentes do ano e, por esse motivo, pode ser um pouco incomodo para os convidados assistirem a cerim\u00f4nia no sol pr\u00f3ximo\u00a0do meio dia.<br \/>\n<\/span><\/div>\n<p><span class=\"m_-7890353756654697419gmail-im\">\u00a0<\/span>[\/wyde_toggle][wyde_toggle title=&#8221;Quero casar na ch\u00e1cara e fazer a cerim\u00f4nia durante o por do sol. Qual \u00e9poca do ano \u00e9 mais indicada?&#8221;]<\/p>\n<div>\n<div dir=\"ltr\"><span style=\"color: #000000; font-family: arial, helvetica, sans-serif;\">Como mencionado anteriormente, casar no campo pode ser feito durante todo o ano, principalmente\u00a0se voc\u00ea pretende fazer a cerim\u00f4nia durante o por do sol. Lembramos apenas que \u00e9 importante ter tempo para tirar fotografias durante o dia, de forma que sempre indicamos que o hor\u00e1rio do convite deve ser pelo menos 3 horas antes do por do sol.<\/span><\/div>\n<div class=\"yj6qo ajU\"><\/div>\n<\/div>\n<p><span class=\"m_-7890353756654697419gmail-im\">\u00a0<\/span>[\/wyde_toggle][\/vc_column][\/vc_row]<\/p>\n","protected":false},"excerpt":{"rendered":"<p>[vc_row][vc_column][wyde_toggle title=&#8221;Vou casar! Com quanto tempo de anteced\u00eancia preciso contratar o local da festa?&#8221;]As reservas podem ser feitas com at\u00e9 dois meses de anteced\u00eancia, dependendo da disponibilidade da agenda. Sempre sugerimos que as reservas sejam feitas com pelo menos um ano de anteced\u00eancia, pois quanto maior a proximidade da data menor \u00e9 a chance de [&hellip;]<\/p>\n","protected":false},"author":4,"featured_media":0,"parent":0,"menu_order":0,"comment_status":"closed","ping_status":"closed","template":"","meta":{"footnotes":""},"class_list":["post-3544","page","type-page","status-publish","hentry"],"_links":{"self":[{"href":"https:\/\/espacolaforet.com.br\/site\/wp-json\/wp\/v2\/pages\/3544"}],"collection":[{"href":"https:\/\/espacolaforet.com.br\/site\/wp-json\/wp\/v2\/pages"}],"about":[{"href":"https:\/\/espacolaforet.com.br\/site\/wp-json\/wp\/v2\/types\/page"}],"author":[{"embeddable":true,"href":"https:\/\/espacolaforet.com.br\/site\/wp-json\/wp\/v2\/users\/4"}],"replies":[{"embeddable":true,"href":"https:\/\/espacolaforet.com.br\/site\/wp-json\/wp\/v2\/comments?post=3544"}],"version-history":[{"count":1,"href":"https:\/\/espacolaforet.com.br\/site\/wp-json\/wp\/v2\/pages\/3544\/revisions"}],"predecessor-version":[{"id":3545,"href":"https:\/\/espacolaforet.com.br\/site\/wp-json\/wp\/v2\/pages\/3544\/revisions\/3545"}],"wp:attachment":[{"href":"https:\/\/espacolaforet.com.br\/site\/wp-json\/wp\/v2\/media?parent=3544"}],"curies":[{"name":"wp","href":"https:\/\/api.w.org\/{rel}","templated":true}]}}