{"id":3524,"date":"2018-03-27T11:05:30","date_gmt":"2018-03-27T14:05:30","guid":{"rendered":"https:\/\/espacolaforet.com.br\/?page_id=3524"},"modified":"2018-05-14T12:02:18","modified_gmt":"2018-05-14T15:02:18","slug":"depoimentos","status":"publish","type":"page","link":"https:\/\/espacolaforet.com.br\/site\/depoimentos\/","title":{"rendered":"Depoimentos"},"content":{"rendered":"<p>[vc_row padding_size=&#8221;s-padding&#8221;][vc_column][vc_column_text]<\/p>\n<h3 style=\"font-weight: 400;\"><strong>Ariadne 12\/2017<\/strong><\/h3>\n<p style=\"font-weight: 400;\">Meu casamento foi realizado na Data 02\/12\/2017.<br \/>\nMas antes, desde dia inesquec\u00edvel, fui conhecer as pessoas envolvidas neste trabalho.<br \/>\nEnt\u00e3o percebi o profissionalismo, a dedica\u00e7\u00e3o, o carinho e amor em tudo que \u00e9 proposto por eles.<br \/>\nSem d\u00favidas foi a melhor escolha.<br \/>\nIsabel, Diana, Leandro e Cesar&#8230; jamais me esquecerei de voc\u00eas!! Pessoas aben\u00e7oadas!<br \/>\nObrigada.<\/p>\n<p>[\/vc_column_text][\/vc_column][\/vc_row][vc_row padding_size=&#8221;s-padding&#8221;][vc_column][vc_column_text]<\/p>\n<h3 style=\"font-weight: 400;\"><strong>Andressa 02\/2018<\/strong><\/h3>\n<p style=\"font-weight: 400;\">Espa\u00e7o lindo e aconchegante, todos os meus convidados elogiaram muito, o espa\u00e7o disp\u00f5e de muitos cen\u00e1rios para fotos e \u00e9 bem amplo, excelente op\u00e7\u00e3o para quem quer fotos diferenciadas para um casamento no campo, recomendo.\u00a0N\u00e3o tenho palavras para agradecer pelo servi\u00e7o prestado. \u00d3timos profissionais, com toda a certeza o melhor e mais lindo espa\u00e7o da regi\u00e3o. Fizeram o meu grande dia ser inesquec\u00edvel. Super recomendado!!!<\/p>\n<p>[\/vc_column_text][\/vc_column][\/vc_row][vc_row padding_size=&#8221;s-padding&#8221;][vc_column][vc_column_text]<\/p>\n<h3 style=\"font-weight: 400;\"><strong>Vanessa 01\/2018<\/strong><\/h3>\n<p style=\"font-weight: 400;\">Nosso casamento foi agora dia 27\/01\/18, amamos tudo! Desde a primeira visita at\u00e9 o grande dia. Foi incr\u00edvel, tudo perfeito e conforme planejamos. O Espa\u00e7o j\u00e1 \u00e9 lindo mas com o profissionalismo de toda a equipe fica tudo parecendo um sonho, desde a decora\u00e7\u00e3o, a organiza\u00e7\u00e3o do evento as dicas em fazer tudo ser original&#8230; e todos nossos convidados elogiaram as comidas as bebidas o atendimento, o carinho e preocupa\u00e7\u00e3o com a gente em todos os momentos. Muito obrigada por tudo.<\/p>\n<p>[\/vc_column_text][\/vc_column][\/vc_row][vc_row padding_size=&#8221;s-padding&#8221;][vc_column][vc_column_text]<\/p>\n<h3 style=\"font-weight: 400;\"><strong>Igor 01\/2018<\/strong><\/h3>\n<p style=\"font-weight: 400;\">Excelente atendimento, desde a primeira visita ao espa\u00e7o at\u00e9 o nosso grande dia. Lugar sensacional, decora\u00e7\u00e3o top, entradas e comidas maravilhosas, assessoria para tudo. Fizeram o casamento um dos momentos marcantes da nossa vida.<\/p>\n<p>[\/vc_column_text][\/vc_column][\/vc_row][vc_row padding_size=&#8221;s-padding&#8221;][vc_column][vc_column_text]<\/p>\n<h3 style=\"font-weight: 400;\"><strong>Ana Maria\u00a001\/2018<\/strong><\/h3>\n<p style=\"font-weight: 400;\">O espa\u00e7o \u00e9 simplesmente maravilhoso! A Isabel e C\u00e9sar s\u00e3o uns amores, muito profissionais e detalhistas. O Local \u00e9 muito lindo e o buffet deles tamb\u00e9m \u00e9 muito bom. Mesmo debaixo de chuva o casamento foi inesquec\u00edvel.<\/p>\n<p>[\/vc_column_text][\/vc_column][\/vc_row][vc_row padding_size=&#8221;s-padding&#8221;][vc_column][vc_column_text]<\/p>\n<h3 style=\"font-weight: 400;\"><strong>Robson\u00a001\/2018<\/strong><\/h3>\n<p style=\"font-weight: 400;\">O lugar \u00e9 lindo e j\u00e1 oferece praticamente tudo que \u00e9 necess\u00e1rio para uma cerim\u00f4nia de casamento. S\u00e3o simp\u00e1ticos, flex\u00edveis, atenciosos. Todos trabalham para que seja como sonhado. Os gar\u00e7ons s\u00e3o atenciosos e simp\u00e1ticos com os convidados. Toda a estrutura e cronograma contribuem para que tudo ocorra da melhor forma.<br \/>\nO suporte e estrutura oferecidos aos noivos \u00e9 mto bom, tem chal\u00e9 da noiva, quarto para o noivo al\u00e9m das orienta\u00e7\u00f5es sobre as decis\u00f5es importantes para que tudo fique lindo.<br \/>\nNossos convidados acharam tudo lindo e delicioso. N\u00f3s, noivos, quando lembramos, ainda nos surpreendemos em como foi maravilhoso.<br \/>\nFoi lindo e perfeito!<\/p>\n<p>[\/vc_column_text][\/vc_column][\/vc_row][vc_row padding_size=&#8221;s-padding&#8221;][vc_column][vc_column_text]<\/p>\n<h3 style=\"font-weight: 400;\"><strong>Karla 12\/2017<\/strong><\/h3>\n<p style=\"font-weight: 400;\">Realizei meu casamento no espa\u00e7o La For\u00eat dia 09\/12\/2017 e n\u00e3o tenho como descrever o quanto fomos bem atendidos durante todo o processo para o grande dia e no grande dia. Espa\u00e7o maravilhoso, profissionais incr\u00edveis, o cesar e a isabel prestativos e atentos aos m\u00ednimos detalhes. Minhas expectativas foram superadas em rela\u00e7\u00e3o a tudo. Decora\u00e7\u00e3o maravilhosa, espa\u00e7o maravilhoso, o buffet sensacional, organiza\u00e7\u00e3o total em tudo<br \/>\nTodos os meus convidados elogiaram demais cada detalhe<br \/>\nSe puderem conhecer o local, ir at\u00e9 l\u00e1. Tenho certeza que n\u00e3o v\u00e3o se arrepender e v\u00e3o se apaixonar de cara, como eu me apaixonei<br \/>\nRecomendo muito!<\/p>\n<p>[\/vc_column_text][\/vc_column][\/vc_row][vc_row padding_size=&#8221;s-padding&#8221;][vc_column][vc_column_text]<\/p>\n<h3 style=\"font-weight: 400;\"><strong>Carlos 10\/2017<\/strong><\/h3>\n<p style=\"font-weight: 400;\">Os propriet\u00e1rios dos espa\u00e7o tem amor pelo que fazem. Se envolvem de uma maneira que parecem ser da fam\u00edlia. O casamento foi simplesmente perfeito sem nenhum erro. Parab\u00e9ns para a Isabel e C\u00e9sar pelo excelente trabalho.<\/p>\n<p>[\/vc_column_text][\/vc_column][\/vc_row][vc_row padding_size=&#8221;s-padding&#8221;][vc_column][vc_column_text]<\/p>\n<h3 style=\"font-weight: 400;\"><strong>Viviane 10\/2017<\/strong><\/h3>\n<p style=\"font-weight: 400;\">Meu casamento aconteceu no dia 21\/10\/17, foi simplesmente maravilhoso!<br \/>\nTudo ocorreu como esper\u00e1vamos, o buffet, a organiza\u00e7\u00e3o tudo nos pequenos detalhes!<br \/>\nA comida meus convidados ainda elogiam, pela fartura, qualidade.<br \/>\nA decora\u00e7\u00e3o perfeita, com um tom de romance r\u00fastico.<br \/>\nA assessoria ent\u00e3o nem se fale, a Isabel muito prestativa, cuidou para que tudo acontecesse no hor\u00e1rio certo, foi um anjo!<br \/>\nSuper recomendo!<\/p>\n<p>[\/vc_column_text][vc_empty_space height=&#8221;20px&#8221;][wyde_link_button title=&#8221;Veja a a geleira de fotos&#8221; icon_set=&#8221;fontawesome&#8221; icon_fontawesome=&#8221;fa fa-camera-retro&#8221; style=&#8221;round&#8221; link=&#8221;url:https%3A%2F%2Fespacolaforet.com.br%2Fgaleria%2F4-casamento-viviane-diego-21-10-2017%2F||target:%20_blank|&#8221; color=&#8221;#dd9933&#8243; hover_color=&#8221;#ffffff&#8221;][\/vc_column][\/vc_row][vc_row padding_size=&#8221;s-padding&#8221;][vc_column][vc_column_text]<\/p>\n<h3 style=\"font-weight: 400;\"><strong>Larissa 10\/2017<\/strong><\/h3>\n<p style=\"font-weight: 400;\">Esse lugar \u00e9 um pedacinho do para\u00edso na terra! Um lugar lindo, cheio de natureza em volta de encher os olhos! Os profissionais que trabalham l\u00e1 s\u00e3o excelentes! O lugar e a decora\u00e7\u00e3o fizeram meu casamento ser do jeito que eu queria! Todos os convidados elogiaram o lugar e ficaram surpresos com tamanha beleza! Super recomendo o buffet La For\u00eat e agrade\u00e7o (especialmente a Isabel e o C\u00e9sar) por eles terem feito meu casamento ser maravilhoso! Pre\u00e7o justo diante da qualidade de servi\u00e7o que \u00e9 oferecida!<\/p>\n<p>[\/vc_column_text][\/vc_column][\/vc_row][vc_row padding_size=&#8221;s-padding&#8221;][vc_column][vc_column_text]<\/p>\n<h3 style=\"font-weight: 400;\"><strong>Tamile 05\/2017<\/strong><\/h3>\n<p style=\"font-weight: 400;\">Com certeza casaria aqui de novo. Foi uma experi\u00eancia incr\u00edvel e tive todo apoio e suporte da equipe do La For\u00eat. A Isabel e o C\u00e9sar, s\u00e3o muito profissionais e esfor\u00e7ados para realizar o nosso sonho, sem contar que s\u00e3o extremamente organizado e pontuais. Foi um sonho!<br \/>\nPs. No meu grande dia choveu e por isso tive que fazer na parte fechada, que tamb\u00e9m \u00e9 lindo, mas seria legal se tivesse uma tenda ou algo do tipo que cobrisse o jardim.<\/p>\n<p>[\/vc_column_text][\/vc_column][\/vc_row][vc_row padding_size=&#8221;s-padding&#8221;][vc_column][vc_column_text]<\/p>\n<h3 style=\"font-weight: 400;\"><strong>Rafael 05\/2017<\/strong><\/h3>\n<p style=\"font-weight: 400;\">Local excelente. A Isabel \u00e9 uma excelente assessora. Ela nos deixou muito a vontade e nos ajudou a cumprir todos os protocolos nos momentos certos. O Cesar \u00e9 um decorador incr\u00edvel. Ficou exatamente do jeito que quer\u00edamos. Todos nossos convidados elogiaram a beleza do lugar. Todos ficaram muito impressionados. Fizemos a cerim\u00f4nia no bambuzal (as fotos ficaram incr\u00edveis l\u00e1).<\/p>\n<p>[\/vc_column_text][vc_empty_space height=&#8221;20px&#8221;][wyde_link_button title=&#8221;Veja a a geleira de fotos&#8221; icon_set=&#8221;fontawesome&#8221; icon_fontawesome=&#8221;fa fa-camera-retro&#8221; style=&#8221;round&#8221; link=&#8221;url:https%3A%2F%2Fespacolaforet.com.br%2Fgaleria%2F9-casamento-camila-rafael-06-05-2017%2F||target:%20_blank|&#8221; color=&#8221;#dd9933&#8243; hover_color=&#8221;#ffffff&#8221;][\/vc_column][\/vc_row][vc_row padding_size=&#8221;s-padding&#8221;][vc_column][vc_column_text]<\/p>\n<h3 style=\"font-weight: 400;\"><strong>Carolina 05\/2017<\/strong><\/h3>\n<p style=\"font-weight: 400;\">Lugar incr\u00edvel e lindo! Muito arborizado e com um lago que gera um ambiente muito harm\u00f4nico e integrado. Equipe familiar e todos muito atenciosos. Excelente custo benef\u00edcio! Parte da estrada \u00e9 de terra, mas tem algumas sinaliza\u00e7\u00f5es para que todos os convidados consigam chegar. Vale muito a pena! Recebi muito elogios do local, da comida e da decora\u00e7\u00e3o.<\/p>\n<p>[\/vc_column_text][vc_empty_space height=&#8221;20px&#8221;][\/vc_column][\/vc_row][vc_row padding_size=&#8221;s-padding&#8221;][vc_column][vc_column_text]<\/p>\n<h3 style=\"font-weight: 400;\"><strong>Bruna 12\/2016<\/strong><\/h3>\n<p style=\"font-weight: 400;\">Tudo maravilhoso&#8230; Meu marido e eu estamos encantados pela maneira como fomos tratados e como a festa foi, melhor que imagin\u00e1vamos. Os funcion\u00e1rios s\u00e3o bem preparados e servem muito bem aos convidados, faz um m\u00eas que casamos e ainda estamos recebendo elogios pela festa!<\/p>\n<p>[\/vc_column_text][vc_empty_space height=&#8221;20px&#8221;][wyde_link_button title=&#8221;Veja a a geleira de fotos&#8221; icon_set=&#8221;fontawesome&#8221; icon_fontawesome=&#8221;fa fa-camera-retro&#8221; style=&#8221;round&#8221; link=&#8221;url:https%3A%2F%2Fespacolaforet.com.br%2Fgaleria%2F12-casamento-bruna-andre-04-12-2016%2F||target:%20_blank|&#8221; color=&#8221;#dd9933&#8243; hover_color=&#8221;#ffffff&#8221;][\/vc_column][\/vc_row][vc_row padding_size=&#8221;s-padding&#8221;][vc_column][vc_column_text]<\/p>\n<h3 style=\"font-weight: 400;\"><strong>Tamyres 10\/2016<\/strong><\/h3>\n<p style=\"font-weight: 400;\">Lugar incr\u00edvel. Tudo ocorreu bem gra\u00e7as a eles, a estrutura \u00e9 maravilhosa e o Buffet uma delicia. O cronograma da Assessora do local tamb\u00e9m foi \u00f3timo, tudo aconteceu em ordem. Amei casar no campo porque l\u00e1 \u00e9 muito lindo mesmo!<\/p>\n<p>[\/vc_column_text][vc_empty_space height=&#8221;20px&#8221;][\/vc_column][\/vc_row][vc_row padding_size=&#8221;s-padding&#8221;][vc_column][vc_column_text]<\/p>\n<h3 style=\"font-weight: 400;\"><strong>Maila 07\/2016<\/strong><\/h3>\n<p style=\"font-weight: 400;\">O espa\u00e7o \u00e9 lindo e os donos s\u00e3o \u00f3timas pessoas. Desde o primeiro momento fomos muito bem atendidos, s\u00e3o pessoas muito bacanas e humildes, que cuidaram do nosso casamento com muito carinho e profissionalismo.<br \/>\nAqui deixo meu agradecimento a toda equipe do espa\u00e7o La For\u00eat, e tamb\u00e9m minha indica\u00e7\u00e3o para todos que desejam ter um casamento lindo , mais que perfeito.<\/p>\n<p>[\/vc_column_text][vc_empty_space height=&#8221;20px&#8221;][\/vc_column][\/vc_row][vc_row padding_size=&#8221;s-padding&#8221;][vc_column][vc_column_text]<\/p>\n<h3 style=\"font-weight: 400;\"><strong>Priscila 04\/2016<\/strong><\/h3>\n<p style=\"font-weight: 400;\">N\u00e3o temos palavras pra expressar nosso contentamento com o profissionalismo com que a fam\u00edlia propriet\u00e1ria do espa\u00e7o tratou todos os assuntos. Foram flex\u00edveis, foram prestimosos. Com certeza nos ajudaram tornar nosso casamento um momento \u00fanico e inesquec\u00edvel.<\/p>\n<p>[\/vc_column_text][vc_empty_space height=&#8221;20px&#8221;][\/vc_column][\/vc_row][vc_row padding_size=&#8221;s-padding&#8221;][vc_column][vc_column_text]<\/p>\n<h3 style=\"font-weight: 400;\"><strong>L\u00edgia 01\/2016<\/strong><\/h3>\n<p style=\"font-weight: 400;\">Al\u00e9m de atenciosos, sabem lidar com como\u00e7\u00e3o que o casamento pode gerar nas pessoas. Decora\u00e7\u00e3o e comida de primeira qualidade, suporte aos noivos impec\u00e1vel, valeu cada centavo! Estavam sempre atentos ao meu querer, dispostos a ouvir as opini\u00f5es e encontrar solu\u00e7\u00f5es com um sorriso no rosto, alegria e muita sinceridade.<\/p>\n<p>[\/vc_column_text][vc_empty_space height=&#8221;20px&#8221;][\/vc_column][\/vc_row][vc_row padding_size=&#8221;s-padding&#8221;][vc_column][vc_column_text]<\/p>\n<h3 style=\"font-weight: 400;\"><strong>Guilherme 01\/2016<\/strong><\/h3>\n<p style=\"font-weight: 400;\">Festa top, muito melhor do que esperava! Essa historia que noivos n\u00e3o curtem o casamento n\u00e3o \u00e9 vdd. Com essa equipe sensacional me senti convidado! Obrigado por tornar esse dia especial em um momento inesquec\u00edvel!<\/p>\n<p>[\/vc_column_text][vc_empty_space height=&#8221;20px&#8221;][\/vc_column][\/vc_row][vc_row padding_size=&#8221;s-padding&#8221;][vc_column][vc_column_text]<\/p>\n<h3 style=\"font-weight: 400;\"><strong>Fernanda 09\/2017<\/strong><\/h3>\n<p style=\"font-weight: 400;\">O \u00faltimo final de semana foi o final de semana mais especial da minha vida! E foi muito gra\u00e7as a voc\u00eas Isabel e C\u00e9sar que cuidaram demais da gente! Sem deixar de agradecer a Diana e o Leandro que desde do minuto 1 quando ainda n\u00e3o t\u00ednhamos decidido o lugar trataram a gente mais que bem! Por \u00faltimo e n\u00e3o menos importante, agradecer absolutamente todo o staff de voc\u00eas que o tempo todo estavam atentos n\u00e3o s\u00f3 a mim e a minha esposa, mas a todos os meus convidados e sempre com o sorriso no rosto, isso n\u00e3o tem pre\u00e7o!<br \/>\nObrigada Obrigada Obrigada do fundo do meu cora\u00e7\u00e3o!<\/p>\n<p>[\/vc_column_text][vc_empty_space height=&#8221;20px&#8221;][\/vc_column][\/vc_row][vc_row padding_size=&#8221;s-padding&#8221;][vc_column][vc_column_text]<\/p>\n<h3 style=\"font-weight: 400;\"><strong>Michele 11\/2017<\/strong><\/h3>\n<p style=\"font-weight: 400;\">Nosso casamento aconteceu em Novembro\/17 e sem duvida foi o melhor dia da nossa vida! A equipe La Foret \u00e9 maravilhosa!! Al\u00e9m de profissionais excelentes, s\u00e3o pessoas do bem que nos transmitem seguran\u00e7a e leveza!<\/p>\n<p style=\"font-weight: 400;\">Diana e Leandro que nos ajudaram com toda negocia\u00e7\u00e3o, nos demostrando respeito e aten\u00e7\u00e3o a todo momento, nosso muito obrigado.<\/p>\n<p style=\"font-weight: 400;\">Cezar, quanto carinho em preparar cada arranjo, paci\u00eancia em adivinhar os nomes das flores que quer\u00edamos, criatividade em cada detalhe\u00a0&#8230;. e o meu Buqu\u00ea! ahhhh que sonho. Queria ele para sempre rsrs<\/p>\n<p style=\"font-weight: 400;\">Isabel, obrigada por nos ajudar a sonhar e pensar nos detalhes, obrigada pelos almocinhos n\u00e3o programados cheios de carinho, obrigada porque gra\u00e7as a Deus e a vc n\u00e3o tivemos preocupa\u00e7\u00e3o nenhuma e isso fez nosso dia ainda melhor&#8230; Uma coisa me marcou muito, foi ver os olhinhos marejados quando eu entrei&#8230;<\/p>\n<p style=\"font-weight: 400;\">Tudo isso mostra que voc\u00eas tratam o nosso casamento como o sonho que \u00e9 e fazem tudo para que o dia seja \u00fanico e sem preocupa\u00e7\u00f5es !<\/p>\n<p style=\"font-weight: 400;\">Obrigada por terem cuidado do nosso sonho com respeito, carinho e como fam\u00edlia.<\/p>\n<p>[\/vc_column_text][vc_empty_space height=&#8221;20px&#8221;][wyde_link_button title=&#8221;Veja a a geleira de fotos&#8221; icon_set=&#8221;fontawesome&#8221; icon_fontawesome=&#8221;fa fa-camera-retro&#8221; style=&#8221;round&#8221; link=&#8221;url:https%3A%2F%2Fespacolaforet.com.br%2Fgaleria%2F2-casamento-michele-leandro-04-11-2017%2F||target:%20_blank|&#8221; color=&#8221;#dd9933&#8243; hover_color=&#8221;#ffffff&#8221;][\/vc_column][\/vc_row]<\/p>\n","protected":false},"excerpt":{"rendered":"<p>[vc_row padding_size=&#8221;s-padding&#8221;][vc_column][vc_column_text] Ariadne 12\/2017 Meu casamento foi realizado na Data 02\/12\/2017. Mas antes, desde dia inesquec\u00edvel, fui conhecer as pessoas envolvidas neste trabalho. Ent\u00e3o percebi o profissionalismo, a dedica\u00e7\u00e3o, o carinho e amor em tudo que \u00e9 proposto por eles. Sem d\u00favidas foi a melhor escolha. Isabel, Diana, Leandro e Cesar&#8230; jamais me esquecerei de [&hellip;]<\/p>\n","protected":false},"author":4,"featured_media":0,"parent":0,"menu_order":0,"comment_status":"closed","ping_status":"closed","template":"","meta":{"footnotes":""},"class_list":["post-3524","page","type-page","status-publish","hentry"],"_links":{"self":[{"href":"https:\/\/espacolaforet.com.br\/site\/wp-json\/wp\/v2\/pages\/3524"}],"collection":[{"href":"https:\/\/espacolaforet.com.br\/site\/wp-json\/wp\/v2\/pages"}],"about":[{"href":"https:\/\/espacolaforet.com.br\/site\/wp-json\/wp\/v2\/types\/page"}],"author":[{"embeddable":true,"href":"https:\/\/espacolaforet.com.br\/site\/wp-json\/wp\/v2\/users\/4"}],"replies":[{"embeddable":true,"href":"https:\/\/espacolaforet.com.br\/site\/wp-json\/wp\/v2\/comments?post=3524"}],"version-history":[{"count":10,"href":"https:\/\/espacolaforet.com.br\/site\/wp-json\/wp\/v2\/pages\/3524\/revisions"}],"predecessor-version":[{"id":3774,"href":"https:\/\/espacolaforet.com.br\/site\/wp-json\/wp\/v2\/pages\/3524\/revisions\/3774"}],"wp:attachment":[{"href":"https:\/\/espacolaforet.com.br\/site\/wp-json\/wp\/v2\/media?parent=3524"}],"curies":[{"name":"wp","href":"https:\/\/api.w.org\/{rel}","templated":true}]}}