{"id":1566,"date":"2015-07-05T04:52:49","date_gmt":"2015-07-05T04:52:49","guid":{"rendered":"http:\/\/wydethemes.com\/flora6\/?page_id=913"},"modified":"2019-05-06T08:38:58","modified_gmt":"2019-05-06T11:38:58","slug":"como-chegar","status":"publish","type":"page","link":"https:\/\/espacolaforet.com.br\/site\/como-chegar\/","title":{"rendered":"Como Chegar"},"content":{"rendered":"<p>[vc_row bg_image_url=&#8221;https:\/\/espacolaforet.com.br\/wp-content\/uploads\/2018\/03\/Corporativos-confraternizacoes-31-1-150&#215;150.jpg&#8221; background_overlay=&#8221;color&#8221; overlay_color=&#8221;#211f1e&#8221; overlay_opacity=&#8221;0.5&#8243; content_width=&#8221;&#8221; background_image=&#8221;3479&#8243;][vc_column text_align=&#8221;center&#8221;][vc_custom_heading text=&#8221;Como&#8221; font_container=&#8221;tag:h6|font_size:6vw|text_align:center|color:%23ffffff&#8221; google_fonts=&#8221;font_family:Dancing%20Script%3Aregular%2Cbold|font_style:700%20bold%3A700%3Anormal&#8221; css=&#8221;.vc_custom_1522161042358{margin-left: -180px !important;}&#8221; animation=&#8221;fadeInLeft&#8221;][vc_custom_heading text=&#8221;Chegar&#8221; font_container=&#8221;tag:h6|font_size:5.5vw|text_align:center|color:%23ffd300|line_height:0&#8243; google_fonts=&#8221;font_family:Arvo%3Aregular%2Citalic%2C700%2C700italic|font_style:700%20bold%20regular%3A700%3Anormal&#8221; css=&#8221;.vc_custom_1520878070355{margin-left: 13% !important;}&#8221; animation=&#8221;lightSpeedIn&#8221;][\/vc_column][\/vc_row][vc_row][vc_column][vc_row_inner vertical_align=&#8221;middle&#8221;][vc_column_inner width=&#8221;1\/3&#8243;][vc_empty_space height=&#8221;260px&#8221;][\/vc_column_inner][vc_column_inner background_color=&#8221;#e8e8e8&#8243; width=&#8221;2\/3&#8243;][vc_column_text]<\/p>\n<div class=\"w-custom-heading\">\n<p>Estamos pr\u00f3ximos a:<\/p>\n<ul>\n<li>20 minutos de dist\u00e2ncia <strong>Aldeia da Serra, <\/strong><\/li>\n<li>25 minutos de dist\u00e2ncia<strong> Alphaville, Barueri e do Centro de Itapevi,<\/strong><\/li>\n<li>30 minutos de dist\u00e2ncia<strong> do Centro de S\u00e3o Roque, da Estrada do Vinho e de Osasco,<\/strong><\/li>\n<li>50 minutos de dist\u00e2ncia de\u00a0<strong>S\u00e3o Paulo, Sorocaba e Itu.<\/strong><\/li>\n<\/ul>\n<\/div>\n<p>[\/vc_column_text][vc_column_text css=&#8221;.vc_custom_1557142729174{border-radius: 2px !important;}&#8221;]Como chegar:<\/p>\n<ol>\n<li>Busque no Waze por \u201cEspa\u00e7o La For\u00eat\u201d.<\/li>\n<li>Siga as instru\u00e7\u00f5es do Waze.<br \/>\n<strong>Aten\u00e7\u00e3o:<\/strong> <strong>fique atento as placas escrito \u201cLa For\u00eat\u201d ap\u00f3s sair da rodovia, pois as vezes o Waze sugerem caminhos mais longos.<\/strong><\/li>\n<\/ol>\n<p>[\/vc_column_text][\/vc_column_inner][\/vc_row_inner][vc_column_text]<img fetchpriority=\"high\" decoding=\"async\" class=\"alignnone size-full wp-image-3538\" src=\"https:\/\/espacolaforet.com.br\/wp-content\/uploads\/2018\/03\/indicacao-laforet2.jpg\" alt=\"\" width=\"1300\" height=\"857\" srcset=\"https:\/\/espacolaforet.com.br\/site\/wp-content\/uploads\/2018\/03\/indicacao-laforet2.jpg 1300w, https:\/\/espacolaforet.com.br\/site\/wp-content\/uploads\/2018\/03\/indicacao-laforet2-768x506.jpg 768w, https:\/\/espacolaforet.com.br\/site\/wp-content\/uploads\/2018\/03\/indicacao-laforet2-1280x844.jpg 1280w, https:\/\/espacolaforet.com.br\/site\/wp-content\/uploads\/2018\/03\/indicacao-laforet2-960x633.jpg 960w\" sizes=\"(max-width: 1300px) 100vw, 1300px\" \/>[\/vc_column_text][vc_empty_space][\/vc_column][\/vc_row][vc_row row_style=&#8221;full-width&#8221; vertical_align=&#8221;middle&#8221; padding_size=&#8221;no-padding&#8221; background_color=&#8221;#f5f5f5&#8243;][vc_column padding_size=&#8221;no-padding&#8221;][wyde_gmaps height=&#8221;600&#8243; color=&#8221;#ffd300&#8243; gmaps=&#8221;%7B%22position%22%3A%7B%22lat%22%3A-23.5188326%2C%22lng%22%3A-47.00308230000002%7D%2C%22address%22%3A%22Estrada%20do%20Sacramento%2C%2018%20-%20Alto%20do%20Sabi%C3%A1%2C%20S%C3%A3o%20Roque%20-%20SP%22%2C%22zoom%22%3A16%2C%22type%22%3A%222%22%7D&#8221;][\/vc_column][\/vc_row]<\/p>\n","protected":false},"excerpt":{"rendered":"<p>[vc_row bg_image_url=&#8221;https:\/\/espacolaforet.com.br\/wp-content\/uploads\/2018\/03\/Corporativos-confraternizacoes-31-1-150&#215;150.jpg&#8221; background_overlay=&#8221;color&#8221; overlay_color=&#8221;#211f1e&#8221; overlay_opacity=&#8221;0.5&#8243; content_width=&#8221;&#8221; background_image=&#8221;3479&#8243;][vc_column text_align=&#8221;center&#8221;][vc_custom_heading text=&#8221;Como&#8221; font_container=&#8221;tag:h6|font_size:6vw|text_align:center|color:%23ffffff&#8221; google_fonts=&#8221;font_family:Dancing%20Script%3Aregular%2Cbold|font_style:700%20bold%3A700%3Anormal&#8221; css=&#8221;.vc_custom_1522161042358{margin-left: -180px !important;}&#8221; animation=&#8221;fadeInLeft&#8221;][vc_custom_heading text=&#8221;Chegar&#8221; font_container=&#8221;tag:h6|font_size:5.5vw|text_align:center|color:%23ffd300|line_height:0&#8243; google_fonts=&#8221;font_family:Arvo%3Aregular%2Citalic%2C700%2C700italic|font_style:700%20bold%20regular%3A700%3Anormal&#8221; css=&#8221;.vc_custom_1520878070355{margin-left: 13% !important;}&#8221; animation=&#8221;lightSpeedIn&#8221;][\/vc_column][\/vc_row][vc_row][vc_column][vc_row_inner vertical_align=&#8221;middle&#8221;][vc_column_inner width=&#8221;1\/3&#8243;][vc_empty_space height=&#8221;260px&#8221;][\/vc_column_inner][vc_column_inner background_color=&#8221;#e8e8e8&#8243; width=&#8221;2\/3&#8243;][vc_column_text] Estamos pr\u00f3ximos a: 20 minutos de dist\u00e2ncia Aldeia da Serra, 25 minutos de dist\u00e2ncia Alphaville, Barueri e do Centro de Itapevi, 30 minutos de dist\u00e2ncia do Centro de [&hellip;]<\/p>\n","protected":false},"author":4,"featured_media":0,"parent":0,"menu_order":0,"comment_status":"open","ping_status":"open","template":"","meta":{"footnotes":""},"class_list":["post-1566","page","type-page","status-publish","hentry"],"_links":{"self":[{"href":"https:\/\/espacolaforet.com.br\/site\/wp-json\/wp\/v2\/pages\/1566"}],"collection":[{"href":"https:\/\/espacolaforet.com.br\/site\/wp-json\/wp\/v2\/pages"}],"about":[{"href":"https:\/\/espacolaforet.com.br\/site\/wp-json\/wp\/v2\/types\/page"}],"author":[{"embeddable":true,"href":"https:\/\/espacolaforet.com.br\/site\/wp-json\/wp\/v2\/users\/4"}],"replies":[{"embeddable":true,"href":"https:\/\/espacolaforet.com.br\/site\/wp-json\/wp\/v2\/comments?post=1566"}],"version-history":[{"count":17,"href":"https:\/\/espacolaforet.com.br\/site\/wp-json\/wp\/v2\/pages\/1566\/revisions"}],"predecessor-version":[{"id":4032,"href":"https:\/\/espacolaforet.com.br\/site\/wp-json\/wp\/v2\/pages\/1566\/revisions\/4032"}],"wp:attachment":[{"href":"https:\/\/espacolaforet.com.br\/site\/wp-json\/wp\/v2\/media?parent=1566"}],"curies":[{"name":"wp","href":"https:\/\/api.w.org\/{rel}","templated":true}]}}