{"id":145,"date":"2015-07-03T14:40:41","date_gmt":"2015-07-03T14:40:41","guid":{"rendered":"http:\/\/wydethemes.com\/flora6\/?page_id=145"},"modified":"2018-06-06T00:26:14","modified_gmt":"2018-06-06T03:26:14","slug":"infraestrutura","status":"publish","type":"page","link":"https:\/\/espacolaforet.com.br\/site\/infraestrutura\/","title":{"rendered":"Infraestrutura para Casamentos"},"content":{"rendered":"<p>[vc_row][vc_column][vc_row_inner][vc_column_inner width=&#8221;1\/3&#8243;][vc_column_text]<img fetchpriority=\"high\" decoding=\"async\" class=\"alignnone wp-image-3724 size-full\" src=\"https:\/\/espacolaforet.com.br\/wp-content\/uploads\/2018\/04\/1.-Vista-Geral.jpg\" alt=\"\" width=\"2048\" height=\"1365\" srcset=\"https:\/\/espacolaforet.com.br\/site\/wp-content\/uploads\/2018\/04\/1.-Vista-Geral.jpg 2048w, https:\/\/espacolaforet.com.br\/site\/wp-content\/uploads\/2018\/04\/1.-Vista-Geral-768x512.jpg 768w, https:\/\/espacolaforet.com.br\/site\/wp-content\/uploads\/2018\/04\/1.-Vista-Geral-1280x853.jpg 1280w, https:\/\/espacolaforet.com.br\/site\/wp-content\/uploads\/2018\/04\/1.-Vista-Geral-960x640.jpg 960w\" sizes=\"(max-width: 2048px) 100vw, 2048px\" \/>[\/vc_column_text][\/vc_column_inner][vc_column_inner width=&#8221;2\/3&#8243;][vc_custom_heading text=&#8221;Vista Geral&#8221; google_fonts=&#8221;font_family:ABeeZee%3Aregular%2Citalic|font_style:400%20regular%3A400%3Anormal&#8221;][vc_column_text]A vista do Espa\u00e7o \u00e9 linda, digna de um cart\u00e3o postal. A arquitetura, paisagismo e mata se misturam criando um ambiente \u00fanico para o seu casamento.[\/vc_column_text][\/vc_column_inner][\/vc_row_inner][wyde_separator color=&#8221;#bababa&#8221;][vc_row_inner][vc_column_inner width=&#8221;1\/3&#8243;][vc_column_text]<img decoding=\"async\" class=\"alignnone wp-image-3726 size-full\" src=\"https:\/\/espacolaforet.com.br\/wp-content\/uploads\/2018\/04\/2.-Gramado-1.jpg\" alt=\"\" width=\"2048\" height=\"1365\" srcset=\"https:\/\/espacolaforet.com.br\/site\/wp-content\/uploads\/2018\/04\/2.-Gramado-1.jpg 2048w, https:\/\/espacolaforet.com.br\/site\/wp-content\/uploads\/2018\/04\/2.-Gramado-1-768x512.jpg 768w, https:\/\/espacolaforet.com.br\/site\/wp-content\/uploads\/2018\/04\/2.-Gramado-1-1280x853.jpg 1280w, https:\/\/espacolaforet.com.br\/site\/wp-content\/uploads\/2018\/04\/2.-Gramado-1-960x640.jpg 960w\" sizes=\"(max-width: 2048px) 100vw, 2048px\" \/>[\/vc_column_text][\/vc_column_inner][vc_column_inner width=&#8221;2\/3&#8243;][vc_custom_heading text=&#8221;Gramado 1 &#8221; google_fonts=&#8221;font_family:ABeeZee%3Aregular%2Citalic|font_style:400%20regular%3A400%3Anormal&#8221;][vc_column_text]Amplo gramado com capacidade para cerim\u00f4nias de casamento com at\u00e9 300 pessoas, integrado ao sal\u00e3o principal e com vista para os lagos e o chal\u00e9 da noiva. Rom\u00e2ntico pergolado de bambus para abrigar os noivos durante a cerim\u00f4nia. Faz parte da infraestrutura um palco para m\u00fasicos.[\/vc_column_text][\/vc_column_inner][\/vc_row_inner][wyde_separator color=&#8221;#bababa&#8221;][vc_row_inner][vc_column_inner width=&#8221;1\/3&#8243;][vc_column_text]<img decoding=\"async\" class=\"alignnone wp-image-3727 size-full\" src=\"https:\/\/espacolaforet.com.br\/wp-content\/uploads\/2018\/04\/3.-Gramado-2.jpg\" alt=\"\" width=\"900\" height=\"600\" srcset=\"https:\/\/espacolaforet.com.br\/site\/wp-content\/uploads\/2018\/04\/3.-Gramado-2.jpg 900w, https:\/\/espacolaforet.com.br\/site\/wp-content\/uploads\/2018\/04\/3.-Gramado-2-768x512.jpg 768w\" sizes=\"(max-width: 900px) 100vw, 900px\" \/>[\/vc_column_text][\/vc_column_inner][vc_column_inner width=&#8221;2\/3&#8243;][vc_custom_heading text=&#8221;Gramado 2&#8243; google_fonts=&#8221;font_family:ABeeZee%3Aregular%2Citalic|font_style:400%20regular%3A400%3Anormal&#8221;][vc_column_text]Gramado totalmente cercado por bambus, criando uma sensa\u00e7\u00e3o \u00fanica de contato com a natureza. Neste gramado\u00a0seu casamento parecer\u00e1\u00a0dentro de um conto de fadas. O acesso ao gramado \u00e9 feito atrav\u00e9s de um t\u00fanel natural de bambus. Este gramado conta com um palco natural para cerim\u00f4nias e palco independente para os m\u00fasicos. Esse gramado comporta at\u00e9 160 pessoas sentadas.[\/vc_column_text][\/vc_column_inner][\/vc_row_inner][wyde_separator color=&#8221;#bababa&#8221;][vc_row_inner][vc_column_inner width=&#8221;1\/3&#8243;][vc_column_text]<img loading=\"lazy\" decoding=\"async\" class=\"alignnone wp-image-3728 size-full\" src=\"https:\/\/espacolaforet.com.br\/wp-content\/uploads\/2018\/04\/4.-Salao-Coberto.jpg\" alt=\"\" width=\"7360\" height=\"4912\" srcset=\"https:\/\/espacolaforet.com.br\/site\/wp-content\/uploads\/2018\/04\/4.-Salao-Coberto.jpg 7360w, https:\/\/espacolaforet.com.br\/site\/wp-content\/uploads\/2018\/04\/4.-Salao-Coberto-768x513.jpg 768w, https:\/\/espacolaforet.com.br\/site\/wp-content\/uploads\/2018\/04\/4.-Salao-Coberto-1280x854.jpg 1280w, https:\/\/espacolaforet.com.br\/site\/wp-content\/uploads\/2018\/04\/4.-Salao-Coberto-960x641.jpg 960w\" sizes=\"(max-width: 7360px) 100vw, 7360px\" \/>[\/vc_column_text][\/vc_column_inner][vc_column_inner width=&#8221;2\/3&#8243;][vc_custom_heading text=&#8221;Sal\u00e3o Coberto&#8221; google_fonts=&#8221;font_family:ABeeZee%3Aregular%2Citalic|font_style:400%20regular%3A400%3Anormal&#8221;][vc_column_text]Amplo sal\u00e3o coberto com paredes envidra\u00e7adas que propicia o contato permanente com a natureza projetado especialmente para casamentos. Comporta at\u00e9 300 pessoas sentadas confortavelmente. Possui palco interno para realiza\u00e7\u00e3o de brindes, retrospectiva, m\u00fasicos ou um destaque especial. Possui banheiro para cadeirantes, banheiro feminino e banheiro masculino. Acesso direto ao espa\u00e7o crian\u00e7a, lounges das varandas, jardim de inverno e ilhas gastron\u00f4micas. Todo o sal\u00e3o possui p\u00e9 direito com 4,5 metros de altura.[\/vc_column_text][\/vc_column_inner][\/vc_row_inner][wyde_separator color=&#8221;#bababa&#8221;][vc_row_inner][vc_column_inner width=&#8221;1\/3&#8243;][vc_column_text]<img loading=\"lazy\" decoding=\"async\" class=\"alignnone wp-image-3763 size-full\" src=\"https:\/\/espacolaforet.com.br\/wp-content\/uploads\/2018\/04\/5.-Chale-da-Noiva.jpeg\" alt=\"\" width=\"1280\" height=\"853\" srcset=\"https:\/\/espacolaforet.com.br\/site\/wp-content\/uploads\/2018\/04\/5.-Chale-da-Noiva.jpeg 1280w, https:\/\/espacolaforet.com.br\/site\/wp-content\/uploads\/2018\/04\/5.-Chale-da-Noiva-768x512.jpeg 768w, https:\/\/espacolaforet.com.br\/site\/wp-content\/uploads\/2018\/04\/5.-Chale-da-Noiva-960x640.jpeg 960w\" sizes=\"(max-width: 1280px) 100vw, 1280px\" \/>[\/vc_column_text][\/vc_column_inner][vc_column_inner width=&#8221;2\/3&#8243;][vc_custom_heading text=&#8221;Chal\u00e9 da Noiva&#8221; google_fonts=&#8221;font_family:ABeeZee%3Aregular%2Citalic|font_style:400%20regular%3A400%3Anormal&#8221;][vc_column_text]Rom\u00e2ntico chal\u00e9 especialmente pensado para fornecer todo o conforto que uma noiva precisa no seu dia para relaxar e se preparar para o casamento. O chal\u00e9 conta com banheiro completo e espelho de corpo inteiro. A vista para o lago e gramado \u00e9 de tirar o folego. Suas fotos de making off ser\u00e3o inesquec\u00edveis nessa su\u00edte.<br \/>\n[\/vc_column_text][\/vc_column_inner][\/vc_row_inner][wyde_separator color=&#8221;#bababa&#8221;][vc_row_inner][vc_column_inner width=&#8221;1\/3&#8243;][vc_column_text]<img loading=\"lazy\" decoding=\"async\" class=\"alignnone wp-image-3765 size-full\" src=\"https:\/\/espacolaforet.com.br\/wp-content\/uploads\/2018\/04\/6.-Suite-do-Noivo.jpg\" alt=\"\" width=\"2048\" height=\"1365\" srcset=\"https:\/\/espacolaforet.com.br\/site\/wp-content\/uploads\/2018\/04\/6.-Suite-do-Noivo.jpg 2048w, https:\/\/espacolaforet.com.br\/site\/wp-content\/uploads\/2018\/04\/6.-Suite-do-Noivo-768x512.jpg 768w, https:\/\/espacolaforet.com.br\/site\/wp-content\/uploads\/2018\/04\/6.-Suite-do-Noivo-1280x853.jpg 1280w, https:\/\/espacolaforet.com.br\/site\/wp-content\/uploads\/2018\/04\/6.-Suite-do-Noivo-960x640.jpg 960w\" sizes=\"(max-width: 2048px) 100vw, 2048px\" \/>[\/vc_column_text][\/vc_column_inner][vc_column_inner width=&#8221;2\/3&#8243;][vc_custom_heading text=&#8221;Suite do Noivo&#8221; google_fonts=&#8221;font_family:ABeeZee%3Aregular%2Citalic|font_style:400%20regular%3A400%3Anormal&#8221;][vc_column_text]Su\u00edte com decora\u00e7\u00e3o moderna e todo o conforto necess\u00e1rio para o noivo relaxar e se arrumar no dia do casamento.<br \/>\n[\/vc_column_text][\/vc_column_inner][\/vc_row_inner][wyde_separator color=&#8221;#bababa&#8221;][vc_row_inner][vc_column_inner width=&#8221;1\/3&#8243;][vc_column_text]<img loading=\"lazy\" decoding=\"async\" class=\"alignnone wp-image-3767 size-full\" src=\"https:\/\/espacolaforet.com.br\/wp-content\/uploads\/2018\/04\/7.-Lounges-na-Varanda-Coberta.jpg\" alt=\"\" width=\"2048\" height=\"1365\" srcset=\"https:\/\/espacolaforet.com.br\/site\/wp-content\/uploads\/2018\/04\/7.-Lounges-na-Varanda-Coberta.jpg 2048w, https:\/\/espacolaforet.com.br\/site\/wp-content\/uploads\/2018\/04\/7.-Lounges-na-Varanda-Coberta-768x512.jpg 768w, https:\/\/espacolaforet.com.br\/site\/wp-content\/uploads\/2018\/04\/7.-Lounges-na-Varanda-Coberta-1280x853.jpg 1280w, https:\/\/espacolaforet.com.br\/site\/wp-content\/uploads\/2018\/04\/7.-Lounges-na-Varanda-Coberta-960x640.jpg 960w\" sizes=\"(max-width: 2048px) 100vw, 2048px\" \/>[\/vc_column_text][\/vc_column_inner][vc_column_inner width=&#8221;2\/3&#8243;][vc_custom_heading text=&#8221;Lounges na Varanda Coberta&#8221; google_fonts=&#8221;font_family:ABeeZee%3Aregular%2Citalic|font_style:400%20regular%3A400%3Anormal&#8221;][vc_column_text]Lounges cobertos com vidro contornando o sal\u00e3o e dando acesso ao gramado principal, proporcionando contato direto com a natureza. Os lounges s\u00e3o integrados com o espa\u00e7o que pode ser usado para a pista de dan\u00e7a. Possui arvores cenogr\u00e1ficas com LEDs.<br \/>\n[\/vc_column_text][\/vc_column_inner][\/vc_row_inner][wyde_separator color=&#8221;#bababa&#8221;][vc_row_inner][vc_column_inner width=&#8221;1\/3&#8243;][vc_column_text]<img loading=\"lazy\" decoding=\"async\" class=\"alignnone wp-image-3768 size-full\" src=\"https:\/\/espacolaforet.com.br\/wp-content\/uploads\/2018\/04\/8.-Jardim-de-Inverno.jpg\" alt=\"\" width=\"900\" height=\"600\" srcset=\"https:\/\/espacolaforet.com.br\/site\/wp-content\/uploads\/2018\/04\/8.-Jardim-de-Inverno.jpg 900w, https:\/\/espacolaforet.com.br\/site\/wp-content\/uploads\/2018\/04\/8.-Jardim-de-Inverno-768x512.jpg 768w\" sizes=\"(max-width: 900px) 100vw, 900px\" \/>[\/vc_column_text][\/vc_column_inner][vc_column_inner width=&#8221;2\/3&#8243;][vc_custom_heading text=&#8221;Jardim de Inverno&#8221; google_fonts=&#8221;font_family:ABeeZee%3Aregular%2Citalic|font_style:400%20regular%3A400%3Anormal&#8221;][vc_column_text]Charmoso jardim de inverno com acesso ao sal\u00e3o principal. Que serve de abrigo para balan\u00e7o e molduras ideais para se\u00e7\u00e3o de fotos dos noivos. Pergolado de trepadeiras totalmente fechado.<br \/>\n[\/vc_column_text][\/vc_column_inner][\/vc_row_inner][wyde_separator color=&#8221;#bababa&#8221;][vc_row_inner][vc_column_inner width=&#8221;1\/3&#8243;][vc_column_text]<img loading=\"lazy\" decoding=\"async\" class=\"alignnone wp-image-3770 size-full\" src=\"https:\/\/espacolaforet.com.br\/wp-content\/uploads\/2018\/04\/9.-Deck-para-fotos-sobre-o-lago.jpg\" alt=\"\" width=\"2048\" height=\"1365\" srcset=\"https:\/\/espacolaforet.com.br\/site\/wp-content\/uploads\/2018\/04\/9.-Deck-para-fotos-sobre-o-lago.jpg 2048w, https:\/\/espacolaforet.com.br\/site\/wp-content\/uploads\/2018\/04\/9.-Deck-para-fotos-sobre-o-lago-768x512.jpg 768w, https:\/\/espacolaforet.com.br\/site\/wp-content\/uploads\/2018\/04\/9.-Deck-para-fotos-sobre-o-lago-1280x853.jpg 1280w, https:\/\/espacolaforet.com.br\/site\/wp-content\/uploads\/2018\/04\/9.-Deck-para-fotos-sobre-o-lago-960x640.jpg 960w\" sizes=\"(max-width: 2048px) 100vw, 2048px\" \/>[\/vc_column_text][\/vc_column_inner][vc_column_inner width=&#8221;2\/3&#8243;][vc_custom_heading text=&#8221;Deck para fotos sobre o lago&#8221; google_fonts=&#8221;font_family:ABeeZee%3Aregular%2Citalic|font_style:400%20regular%3A400%3Anormal&#8221;][vc_column_text]Impactante cen\u00e1rio para fotos dos noivos.<br \/>\n[\/vc_column_text][\/vc_column_inner][\/vc_row_inner][wyde_separator color=&#8221;#bababa&#8221;][vc_row_inner][vc_column_inner width=&#8221;1\/3&#8243;][vc_column_text]<img loading=\"lazy\" decoding=\"async\" class=\"alignnone wp-image-3771 size-full\" src=\"https:\/\/espacolaforet.com.br\/wp-content\/uploads\/2018\/04\/10.-Pista-de-Danca.jpg\" alt=\"\" width=\"768\" height=\"511\" \/>[\/vc_column_text][\/vc_column_inner][vc_column_inner width=&#8221;2\/3&#8243;][vc_custom_heading text=&#8221;Pista de Dan\u00e7a&#8221; google_fonts=&#8221;font_family:ABeeZee%3Aregular%2Citalic|font_style:400%20regular%3A400%3Anormal&#8221;][vc_column_text]Espa\u00e7o semiaberto ideal para desfrutar de boa musica e descontra\u00e7\u00e3o em continuo contato com a natureza. A pista de dan\u00e7a do seu casamento ter\u00e1 uma experi\u00eancia \u00fanica![\/vc_column_text][\/vc_column_inner][\/vc_row_inner][wyde_separator color=&#8221;#bababa&#8221;][vc_row_inner][vc_column_inner width=&#8221;1\/3&#8243;][vc_column_text]<img loading=\"lazy\" decoding=\"async\" class=\"alignnone wp-image-3772 size-full\" src=\"https:\/\/espacolaforet.com.br\/wp-content\/uploads\/2018\/04\/11.-Area-de-Buffet-com-Cozinha-Industrial.jpg\" alt=\"\" width=\"2048\" height=\"1365\" srcset=\"https:\/\/espacolaforet.com.br\/site\/wp-content\/uploads\/2018\/04\/11.-Area-de-Buffet-com-Cozinha-Industrial.jpg 2048w, https:\/\/espacolaforet.com.br\/site\/wp-content\/uploads\/2018\/04\/11.-Area-de-Buffet-com-Cozinha-Industrial-768x512.jpg 768w, https:\/\/espacolaforet.com.br\/site\/wp-content\/uploads\/2018\/04\/11.-Area-de-Buffet-com-Cozinha-Industrial-1280x853.jpg 1280w, https:\/\/espacolaforet.com.br\/site\/wp-content\/uploads\/2018\/04\/11.-Area-de-Buffet-com-Cozinha-Industrial-960x640.jpg 960w\" sizes=\"(max-width: 2048px) 100vw, 2048px\" \/>[\/vc_column_text][\/vc_column_inner][vc_column_inner width=&#8221;2\/3&#8243;][vc_custom_heading text=&#8221;Ilha gastron\u00f4mica &#8221; google_fonts=&#8221;font_family:ABeeZee%3Aregular%2Citalic|font_style:400%20regular%3A400%3Anormal&#8221;][vc_column_text]Amplo espa\u00e7o com mesas de madeira de demoli\u00e7\u00e3o utilizados para rechauds e ponto fixo de bebidas. \u00c9 nessa \u00e1rea que os pratos quentes do almo\u00e7o ou jantar do seu casamento ser\u00e3o servidos.[\/vc_column_text][\/vc_column_inner][\/vc_row_inner][wyde_separator color=&#8221;#bababa&#8221;][vc_row_inner][vc_column_inner width=&#8221;1\/3&#8243;][vc_column_text]<img loading=\"lazy\" decoding=\"async\" class=\"alignnone wp-image-3773 size-full\" src=\"https:\/\/espacolaforet.com.br\/wp-content\/uploads\/2018\/04\/12.-Iluminacao-Cenografica-Externa.jpg\" alt=\"\" width=\"768\" height=\"511\" \/>[\/vc_column_text][\/vc_column_inner][vc_column_inner width=&#8221;2\/3&#8243;][vc_custom_heading text=&#8221;Ilumina\u00e7\u00e3o Cenogr\u00e1fica Externa&#8221; google_fonts=&#8221;font_family:ABeeZee%3Aregular%2Citalic|font_style:400%20regular%3A400%3Anormal&#8221;][vc_column_text]Nossa ilumina\u00e7\u00e3o cenogr\u00e1fica foi feita para tornar as suas fotos noturnas t\u00e3o bonitas quanto as do dia. Nossa ilumina\u00e7\u00e3o cenogr\u00e1fica inclui \u00e1rvores decoradas com LEDs em volta do lago, varal de l\u00e2mpadas no gramado principal e ilumina\u00e7\u00e3o indireta embaixo de muitas \u00e1rvores.<br \/>\n[\/vc_column_text][\/vc_column_inner][\/vc_row_inner][wyde_separator color=&#8221;#bababa&#8221;][vc_row_inner][vc_column_inner width=&#8221;1\/3&#8243;][vc_column_text]<img loading=\"lazy\" decoding=\"async\" class=\"alignnone wp-image-3776 size-full\" src=\"https:\/\/espacolaforet.com.br\/wp-content\/uploads\/2018\/04\/12.2.-Ilumina\u00e7\u00e3o-Cenografica-Externa.jpg\" alt=\"\" width=\"1969\" height=\"1313\" srcset=\"https:\/\/espacolaforet.com.br\/site\/wp-content\/uploads\/2018\/04\/12.2.-Ilumina\u00e7\u00e3o-Cenografica-Externa.jpg 1969w, https:\/\/espacolaforet.com.br\/site\/wp-content\/uploads\/2018\/04\/12.2.-Ilumina\u00e7\u00e3o-Cenografica-Externa-768x512.jpg 768w, https:\/\/espacolaforet.com.br\/site\/wp-content\/uploads\/2018\/04\/12.2.-Ilumina\u00e7\u00e3o-Cenografica-Externa-1280x854.jpg 1280w, https:\/\/espacolaforet.com.br\/site\/wp-content\/uploads\/2018\/04\/12.2.-Ilumina\u00e7\u00e3o-Cenografica-Externa-960x640.jpg 960w\" sizes=\"(max-width: 1969px) 100vw, 1969px\" \/>[\/vc_column_text][\/vc_column_inner][vc_column_inner width=&#8221;2\/3&#8243;][vc_custom_heading text=&#8221;Ilumina\u00e7\u00e3o Cenogr\u00e1fica Externa&#8221; google_fonts=&#8221;font_family:ABeeZee%3Aregular%2Citalic|font_style:400%20regular%3A400%3Anormal&#8221;][vc_column_text]Nossa ilumina\u00e7\u00e3o cenogr\u00e1fica foi feita para tornar as fotos noturnas dos noivos lindas.[\/vc_column_text][\/vc_column_inner][\/vc_row_inner][wyde_separator color=&#8221;#bababa&#8221;][vc_row_inner][vc_column_inner width=&#8221;1\/3&#8243;][vc_column_text]<img loading=\"lazy\" decoding=\"async\" class=\"alignnone wp-image-3778 size-full\" src=\"https:\/\/espacolaforet.com.br\/wp-content\/uploads\/2018\/04\/13.-Banheiros-Femenino-maculino-e-Cadeirantes.jpg\" alt=\"\" width=\"600\" height=\"400\" \/>[\/vc_column_text][\/vc_column_inner][vc_column_inner width=&#8221;2\/3&#8243;][vc_custom_heading text=&#8221;Banheiros &#8211; Feminino e masculino e para Cadeirantes&#8221; google_fonts=&#8221;font_family:ABeeZee%3Aregular%2Citalic|font_style:400%20regular%3A400%3Anormal&#8221;][vc_column_text]3 banheiros: Deficientes, feminino e masculino. Os 3 s\u00e3o espa\u00e7osos e modernos.[\/vc_column_text][\/vc_column_inner][\/vc_row_inner][wyde_separator color=&#8221;#bababa&#8221;][vc_row_inner][vc_column_inner width=&#8221;1\/3&#8243;][vc_column_text]<img loading=\"lazy\" decoding=\"async\" class=\"alignnone wp-image-3782 size-full\" src=\"https:\/\/espacolaforet.com.br\/wp-content\/uploads\/2018\/04\/planoB.jpg\" alt=\"\" width=\"5315\" height=\"3543\" srcset=\"https:\/\/espacolaforet.com.br\/site\/wp-content\/uploads\/2018\/04\/planoB.jpg 5315w, https:\/\/espacolaforet.com.br\/site\/wp-content\/uploads\/2018\/04\/planoB-768x512.jpg 768w, https:\/\/espacolaforet.com.br\/site\/wp-content\/uploads\/2018\/04\/planoB-1280x853.jpg 1280w, https:\/\/espacolaforet.com.br\/site\/wp-content\/uploads\/2018\/04\/planoB-960x640.jpg 960w\" sizes=\"(max-width: 5315px) 100vw, 5315px\" \/>[\/vc_column_text][\/vc_column_inner][vc_column_inner width=&#8221;2\/3&#8243;][vc_custom_heading text=&#8221;Plano B&#8221; google_fonts=&#8221;font_family:ABeeZee%3Aregular%2Citalic|font_style:400%20regular%3A400%3Anormal&#8221;][vc_column_text]T\u00e3o importante quanto um gramado bonito \u00e9 ter um plano B maravilhoso em caso de chuva. Nosso plano B permite realizar cerim\u00f4nias de casamentos nas varandas cobertas com vidro que ficam entre o sal\u00e3o e o gramado principal, proporcionando assim conforto e o contato direto com a natureza. Mesmo com chuva voc\u00ea e seus convidados podem curtir a sua cerim\u00f4nia com uma vista incr\u00edvel.[\/vc_column_text][\/vc_column_inner][\/vc_row_inner][wyde_separator color=&#8221;#bababa&#8221;][vc_row_inner][vc_column_inner width=&#8221;1\/3&#8243;][vc_column_text]<img loading=\"lazy\" decoding=\"async\" class=\"alignnone wp-image-3784 size-full\" src=\"https:\/\/espacolaforet.com.br\/wp-content\/uploads\/2018\/04\/15.-Espaco-Crianca.jpg\" alt=\"\" width=\"1022\" height=\"570\" srcset=\"https:\/\/espacolaforet.com.br\/site\/wp-content\/uploads\/2018\/04\/15.-Espaco-Crianca.jpg 1022w, https:\/\/espacolaforet.com.br\/site\/wp-content\/uploads\/2018\/04\/15.-Espaco-Crianca-768x428.jpg 768w, https:\/\/espacolaforet.com.br\/site\/wp-content\/uploads\/2018\/04\/15.-Espaco-Crianca-960x535.jpg 960w\" sizes=\"(max-width: 1022px) 100vw, 1022px\" \/>[\/vc_column_text][\/vc_column_inner][vc_column_inner width=&#8221;2\/3&#8243;][vc_custom_heading text=&#8221;Espa\u00e7o Crian\u00e7a&#8221; google_fonts=&#8221;font_family:ABeeZee%3Aregular%2Citalic|font_style:400%20regular%3A400%3Anormal&#8221;][vc_column_text]Pensando na tranquilidade para os pais e noivos oferecemos um amplo Espa\u00e7o Crian\u00e7a. Sugerimos sempre a contrata\u00e7\u00e3o de um recreador.<br \/>\n[\/vc_column_text][\/vc_column_inner][\/vc_row_inner][wyde_separator color=&#8221;#bababa&#8221;][vc_row_inner][vc_column_inner width=&#8221;1\/3&#8243;][vc_column_text]<img loading=\"lazy\" decoding=\"async\" class=\"alignnone wp-image-3785 size-full\" src=\"https:\/\/espacolaforet.com.br\/wp-content\/uploads\/2018\/04\/16.-Estacionamento.jpg\" alt=\"\" width=\"960\" height=\"540\" srcset=\"https:\/\/espacolaforet.com.br\/site\/wp-content\/uploads\/2018\/04\/16.-Estacionamento.jpg 960w, https:\/\/espacolaforet.com.br\/site\/wp-content\/uploads\/2018\/04\/16.-Estacionamento-768x432.jpg 768w, https:\/\/espacolaforet.com.br\/site\/wp-content\/uploads\/2018\/04\/16.-Estacionamento-640x360.jpg 640w\" sizes=\"(max-width: 960px) 100vw, 960px\" \/>[\/vc_column_text][\/vc_column_inner][vc_column_inner width=&#8221;2\/3&#8243;][vc_custom_heading text=&#8221;Estacionamento&#8221; google_fonts=&#8221;font_family:ABeeZee%3Aregular%2Citalic|font_style:400%20regular%3A400%3Anormal&#8221;][vc_column_text]Amplo estacionamento que comporta at\u00e9 90 ve\u00edculos<br \/>\n[\/vc_column_text][\/vc_column_inner][\/vc_row_inner][wyde_separator color=&#8221;#bababa&#8221;][vc_row_inner][vc_column_inner width=&#8221;1\/3&#8243;][vc_column_text]<img loading=\"lazy\" decoding=\"async\" class=\"alignnone wp-image-3786 size-full\" src=\"https:\/\/espacolaforet.com.br\/wp-content\/uploads\/2018\/04\/17.jpg\" alt=\"\" width=\"400\" height=\"304\" \/>[\/vc_column_text][\/vc_column_inner][vc_column_inner width=&#8221;2\/3&#8243;][vc_custom_heading text=&#8221;Acessibilidade para Cadeirantes&#8221; google_fonts=&#8221;font_family:ABeeZee%3Aregular%2Citalic|font_style:400%20regular%3A400%3Anormal&#8221;][vc_column_text]Todo o Espa\u00e7o foi pensado levando em considera\u00e7\u00e3o as necessidades de locomo\u00e7\u00e3o de cadeirantes, dessa forma todos os espa\u00e7os possuem acesso atrav\u00e9s de rampas.<br \/>\n[\/vc_column_text][\/vc_column_inner][\/vc_row_inner][\/vc_column][\/vc_row][vc_row padding_size=&#8221;no-padding&#8221; background_color=&#8221;#ffd300&#8243; css=&#8221;.vc_custom_1436023115534{padding-top: 0px !important;}&#8221;][vc_column text_align=&#8221;center&#8221;][wyde_action_box title=&#8221;PE\u00c7A UM OR\u00c7AMENTO E AGENDE UMA VISITA&#8221; button_text=&#8221;CLIQUE AQUI&#8221; style=&#8221;round&#8221; size=&#8221;large&#8221; color=&#8221;#000000&#8243; hover_color=&#8221;#ffffff&#8221; link=&#8221;url:https%3A%2F%2Fespacolaforet.com.br%2Fcontato%2F||target:%20_blank|&#8221;][\/wyde_action_box][\/vc_column][\/vc_row]<\/p>\n","protected":false},"excerpt":{"rendered":"<p>[vc_row][vc_column][vc_row_inner][vc_column_inner width=&#8221;1\/3&#8243;][vc_column_text][\/vc_column_text][\/vc_column_inner][vc_column_inner width=&#8221;2\/3&#8243;][vc_custom_heading text=&#8221;Vista Geral&#8221; google_fonts=&#8221;font_family:ABeeZee%3Aregular%2Citalic|font_style:400%20regular%3A400%3Anormal&#8221;][vc_column_text]A vista do Espa\u00e7o \u00e9 linda, digna de um cart\u00e3o postal. A arquitetura, paisagismo e mata se misturam criando um ambiente \u00fanico para o seu casamento.[\/vc_column_text][\/vc_column_inner][\/vc_row_inner][wyde_separator color=&#8221;#bababa&#8221;][vc_row_inner][vc_column_inner width=&#8221;1\/3&#8243;][vc_column_text][\/vc_column_text][\/vc_column_inner][vc_column_inner width=&#8221;2\/3&#8243;][vc_custom_heading text=&#8221;Gramado 1 &#8221; google_fonts=&#8221;font_family:ABeeZee%3Aregular%2Citalic|font_style:400%20regular%3A400%3Anormal&#8221;][vc_column_text]Amplo gramado com capacidade para cerim\u00f4nias de casamento com at\u00e9 300 pessoas, integrado ao sal\u00e3o principal e com [&hellip;]<\/p>\n","protected":false},"author":4,"featured_media":0,"parent":0,"menu_order":0,"comment_status":"open","ping_status":"open","template":"","meta":{"footnotes":""},"class_list":["post-145","page","type-page","status-publish","hentry"],"_links":{"self":[{"href":"https:\/\/espacolaforet.com.br\/site\/wp-json\/wp\/v2\/pages\/145"}],"collection":[{"href":"https:\/\/espacolaforet.com.br\/site\/wp-json\/wp\/v2\/pages"}],"about":[{"href":"https:\/\/espacolaforet.com.br\/site\/wp-json\/wp\/v2\/types\/page"}],"author":[{"embeddable":true,"href":"https:\/\/espacolaforet.com.br\/site\/wp-json\/wp\/v2\/users\/4"}],"replies":[{"embeddable":true,"href":"https:\/\/espacolaforet.com.br\/site\/wp-json\/wp\/v2\/comments?post=145"}],"version-history":[{"count":34,"href":"https:\/\/espacolaforet.com.br\/site\/wp-json\/wp\/v2\/pages\/145\/revisions"}],"predecessor-version":[{"id":3952,"href":"https:\/\/espacolaforet.com.br\/site\/wp-json\/wp\/v2\/pages\/145\/revisions\/3952"}],"wp:attachment":[{"href":"https:\/\/espacolaforet.com.br\/site\/wp-json\/wp\/v2\/media?parent=145"}],"curies":[{"name":"wp","href":"https:\/\/api.w.org\/{rel}","templated":true}]}}